{"id":2937,"date":"2023-11-12T11:04:34","date_gmt":"2023-11-12T11:04:34","guid":{"rendered":"https:\/\/smaj.rs\/manuel-et-garantie\/"},"modified":"2023-12-16T23:18:36","modified_gmt":"2023-12-16T23:18:36","slug":"manuel-et-garantie","status":"publish","type":"page","link":"https:\/\/smaj.rs\/fr\/manuel-et-garantie\/","title":{"rendered":"Manuel et garantie"},"content":{"rendered":"\t\t<div data-elementor-type=\"wp-page\" data-elementor-id=\"2937\" class=\"elementor elementor-2937 elementor-815\" data-elementor-post-type=\"page\">\n\t\t\t\t<div class=\"elementor-element elementor-element-e62619e e-con-full e-flex e-con e-parent\" data-id=\"e62619e\" data-element_type=\"container\" data-settings=\"{&quot;background_background&quot;:&quot;classic&quot;}\">\n\t\t\t\t<div class=\"elementor-element elementor-element-17d246b elementor-widget elementor-widget-heading\" data-id=\"17d246b\" data-element_type=\"widget\" data-widget_type=\"heading.default\">\n\t\t\t\t<div class=\"elementor-widget-container\">\n\t\t\t<style>\/*! elementor - v3.23.0 - 25-07-2024 *\/\n.elementor-heading-title{padding:0;margin:0;line-height:1}.elementor-widget-heading .elementor-heading-title[class*=elementor-size-]>a{color:inherit;font-size:inherit;line-height:inherit}.elementor-widget-heading .elementor-heading-title.elementor-size-small{font-size:15px}.elementor-widget-heading .elementor-heading-title.elementor-size-medium{font-size:19px}.elementor-widget-heading .elementor-heading-title.elementor-size-large{font-size:29px}.elementor-widget-heading .elementor-heading-title.elementor-size-xl{font-size:39px}.elementor-widget-heading .elementor-heading-title.elementor-size-xxl{font-size:59px}<\/style><h1 class=\"elementor-heading-title elementor-size-default\">Manuel et garantie<\/h1>\t\t<\/div>\n\t\t\t\t<\/div>\n\t\t\t\t<\/div>\n\t\t<div class=\"elementor-element elementor-element-f549300 e-flex e-con-boxed e-con e-parent\" data-id=\"f549300\" data-element_type=\"container\">\n\t\t\t\t\t<div class=\"e-con-inner\">\n\t\t<div class=\"elementor-element elementor-element-e26e61e e-con-full e-flex e-con e-child\" data-id=\"e26e61e\" data-element_type=\"container\" data-settings=\"{&quot;background_background&quot;:&quot;classic&quot;}\">\n\t\t\t\t<div class=\"elementor-element elementor-element-09f4fab elementor-widget__width-initial elementor-hidden-mobile elementor-hidden-tablet elementor-widget elementor-widget-image\" data-id=\"09f4fab\" data-element_type=\"widget\" data-widget_type=\"image.default\">\n\t\t\t\t<div class=\"elementor-widget-container\">\n\t\t\t<style>\/*! elementor - v3.23.0 - 25-07-2024 *\/\n.elementor-widget-image{text-align:center}.elementor-widget-image a{display:inline-block}.elementor-widget-image a img[src$=\".svg\"]{width:48px}.elementor-widget-image img{vertical-align:middle;display:inline-block}<\/style>\t\t\t\t\t\t\t\t\t\t<img fetchpriority=\"high\" decoding=\"async\" width=\"428\" height=\"626\" src=\"https:\/\/smaj.rs\/wp-content\/uploads\/2023\/11\/graphic-radnik.png\" class=\"attachment-large size-large wp-image-795\" alt=\"\" srcset=\"https:\/\/smaj.rs\/wp-content\/uploads\/2023\/11\/graphic-radnik.png 428w, https:\/\/smaj.rs\/wp-content\/uploads\/2023\/11\/graphic-radnik-205x300.png 205w\" sizes=\"(max-width: 428px) 100vw, 428px\" \/>\t\t\t\t\t\t\t\t\t\t\t\t\t<\/div>\n\t\t\t\t<\/div>\n\t\t<div class=\"elementor-element elementor-element-64aced8 e-con-full e-flex e-con e-child\" data-id=\"64aced8\" data-element_type=\"container\">\n\t\t\t\t<div class=\"elementor-element elementor-element-0868096 elementor-widget elementor-widget-heading\" data-id=\"0868096\" data-element_type=\"widget\" data-widget_type=\"heading.default\">\n\t\t\t\t<div class=\"elementor-widget-container\">\n\t\t\t<h2 class=\"elementor-heading-title elementor-size-default\">SMAJ Produkt - Utilisation Entretien et Maintenance<\/h2>\t\t<\/div>\n\t\t\t\t<\/div>\n\t\t\t\t<div class=\"elementor-element elementor-element-ef554bf elementor-widget elementor-widget-text-editor\" data-id=\"ef554bf\" data-element_type=\"widget\" data-widget_type=\"text-editor.default\">\n\t\t\t\t<div class=\"elementor-widget-container\">\n\t\t\t<style>\/*! elementor - v3.23.0 - 25-07-2024 *\/\n.elementor-widget-text-editor.elementor-drop-cap-view-stacked .elementor-drop-cap{background-color:#69727d;color:#fff}.elementor-widget-text-editor.elementor-drop-cap-view-framed .elementor-drop-cap{color:#69727d;border:3px solid;background-color:transparent}.elementor-widget-text-editor:not(.elementor-drop-cap-view-default) .elementor-drop-cap{margin-top:8px}.elementor-widget-text-editor:not(.elementor-drop-cap-view-default) .elementor-drop-cap-letter{width:1em;height:1em}.elementor-widget-text-editor .elementor-drop-cap{float:left;text-align:center;line-height:1;font-size:50px}.elementor-widget-text-editor .elementor-drop-cap-letter{display:inline-block}<\/style>\t\t\t\t<p>Les utilisateurs peuvent y trouver des instructions et des informations sur la garantie des produits propos\u00e9s par SMAJ Produkt. Il s&rsquo;agit d&rsquo;instructions d\u00e9taill\u00e9es sur l&rsquo;utilisation et l&rsquo;entretien des produits, ainsi que d&rsquo;informations sur la couverture de la garantie et les conditions qui s&rsquo;y rapportent. <\/p>\n<p>Le manuel fournit des conseils pr\u00e9cieux pour assurer une installation, un fonctionnement et un entretien corrects des produits, tandis que les informations relatives \u00e0 la garantie soulignent l&rsquo;engagement de l&rsquo;entreprise en faveur de la qualit\u00e9 des produits et de la satisfaction des clients. Les utilisateurs peuvent se r\u00e9f\u00e9rer \u00e0 ce lien pour acc\u00e9der \u00e0 la documentation n\u00e9cessaire pour les produits qu&rsquo;ils ont achet\u00e9s et pour comprendre leurs droits et responsabilit\u00e9s en tant que clients. <\/p>\n\t\t\t\t\t\t<\/div>\n\t\t\t\t<\/div>\n\t\t\t\t<div class=\"elementor-element elementor-element-374148b elementor-widget elementor-widget-button\" data-id=\"374148b\" data-element_type=\"widget\" data-widget_type=\"button.default\">\n\t\t\t\t<div class=\"elementor-widget-container\">\n\t\t\t\t\t<div class=\"elementor-button-wrapper\">\n\t\t\t<a class=\"elementor-button elementor-button-link elementor-size-sm\" href=\"https:\/\/smaj.rs\/wp-content\/uploads\/2023\/12\/SMAJ-Produkt-Utilisation-Entretien-et-Maintenance.pdf\" target=\"_blank\">\n\t\t\t\t\t\t<span class=\"elementor-button-content-wrapper\">\n\t\t\t\t\t\t\t\t\t<span class=\"elementor-button-text\">T\u00e9l\u00e9charger le manuel<\/span>\n\t\t\t\t\t<\/span>\n\t\t\t\t\t<\/a>\n\t\t<\/div>\n\t\t\t\t<\/div>\n\t\t\t\t<\/div>\n\t\t\t\t<\/div>\n\t\t\t\t<\/div>\n\t\t\t\t\t<\/div>\n\t\t\t\t<\/div>\n\t\t\t\t<\/div>\n\t\t","protected":false},"excerpt":{"rendered":"<p>Manuel et garantie SMAJ Produkt &#8211; Utilisation Entretien et Maintenance Les utilisateurs peuvent y trouver des instructions et des informations sur la garantie des produits propos\u00e9s par SMAJ Produkt. Il s&rsquo;agit d&rsquo;instructions d\u00e9taill\u00e9es sur l&rsquo;utilisation et l&rsquo;entretien des produits, ainsi que d&rsquo;informations sur la couverture de la garantie et les conditions qui s&rsquo;y rapportent. Le [&hellip;]<\/p>\n","protected":false},"author":2,"featured_media":0,"parent":0,"menu_order":0,"comment_status":"closed","ping_status":"closed","template":"elementor_header_footer","meta":{"_acf_changed":false,"footnotes":""},"class_list":["post-2937","page","type-page","status-publish","hentry"],"acf":[],"_links":{"self":[{"href":"https:\/\/smaj.rs\/fr\/wp-json\/wp\/v2\/pages\/2937","targetHints":{"allow":["GET"]}}],"collection":[{"href":"https:\/\/smaj.rs\/fr\/wp-json\/wp\/v2\/pages"}],"about":[{"href":"https:\/\/smaj.rs\/fr\/wp-json\/wp\/v2\/types\/page"}],"author":[{"embeddable":true,"href":"https:\/\/smaj.rs\/fr\/wp-json\/wp\/v2\/users\/2"}],"replies":[{"embeddable":true,"href":"https:\/\/smaj.rs\/fr\/wp-json\/wp\/v2\/comments?post=2937"}],"version-history":[{"count":0,"href":"https:\/\/smaj.rs\/fr\/wp-json\/wp\/v2\/pages\/2937\/revisions"}],"wp:attachment":[{"href":"https:\/\/smaj.rs\/fr\/wp-json\/wp\/v2\/media?parent=2937"}],"curies":[{"name":"wp","href":"https:\/\/api.w.org\/{rel}","templated":true}]}}