{"id":2927,"date":"2023-11-12T12:44:12","date_gmt":"2023-11-12T12:44:12","guid":{"rendered":"https:\/\/smaj.rs\/efficacite\/"},"modified":"2023-12-15T13:55:17","modified_gmt":"2023-12-15T13:55:17","slug":"efficacite","status":"publish","type":"page","link":"https:\/\/smaj.rs\/fr\/efficacite\/","title":{"rendered":"Efficacit\u00e9"},"content":{"rendered":"\t\t<div data-elementor-type=\"wp-page\" data-elementor-id=\"2927\" class=\"elementor elementor-2927 elementor-846\" data-elementor-post-type=\"page\">\n\t\t\t\t<div class=\"elementor-element elementor-element-e62619e e-con-full e-flex e-con e-parent\" data-id=\"e62619e\" data-element_type=\"container\" data-settings=\"{&quot;background_background&quot;:&quot;classic&quot;}\">\n\t\t\t\t<div class=\"elementor-element elementor-element-17d246b elementor-widget elementor-widget-heading\" data-id=\"17d246b\" data-element_type=\"widget\" data-widget_type=\"heading.default\">\n\t\t\t\t<div class=\"elementor-widget-container\">\n\t\t\t<style>\/*! elementor - v3.23.0 - 25-07-2024 *\/\n.elementor-heading-title{padding:0;margin:0;line-height:1}.elementor-widget-heading .elementor-heading-title[class*=elementor-size-]>a{color:inherit;font-size:inherit;line-height:inherit}.elementor-widget-heading .elementor-heading-title.elementor-size-small{font-size:15px}.elementor-widget-heading .elementor-heading-title.elementor-size-medium{font-size:19px}.elementor-widget-heading .elementor-heading-title.elementor-size-large{font-size:29px}.elementor-widget-heading .elementor-heading-title.elementor-size-xl{font-size:39px}.elementor-widget-heading .elementor-heading-title.elementor-size-xxl{font-size:59px}<\/style><h1 class=\"elementor-heading-title elementor-size-default\">Efficacit\u00e9<\/h1>\t\t<\/div>\n\t\t\t\t<\/div>\n\t\t\t\t<\/div>\n\t\t<div class=\"elementor-element elementor-element-e594a85 e-flex e-con-boxed e-con e-parent\" data-id=\"e594a85\" data-element_type=\"container\">\n\t\t\t\t\t<div class=\"e-con-inner\">\n\t\t<div class=\"elementor-element elementor-element-3d212e8 e-con-full e-flex e-con e-child\" data-id=\"3d212e8\" data-element_type=\"container\">\n\t\t\t\t<div class=\"elementor-element elementor-element-1474d7f left-popout elementor-widget elementor-widget-image\" data-id=\"1474d7f\" data-element_type=\"widget\" data-widget_type=\"image.default\">\n\t\t\t\t<div class=\"elementor-widget-container\">\n\t\t\t<style>\/*! elementor - v3.23.0 - 25-07-2024 *\/\n.elementor-widget-image{text-align:center}.elementor-widget-image a{display:inline-block}.elementor-widget-image a img[src$=\".svg\"]{width:48px}.elementor-widget-image img{vertical-align:middle;display:inline-block}<\/style>\t\t\t\t\t\t\t\t\t\t<img fetchpriority=\"high\" decoding=\"async\" width=\"1536\" height=\"864\" src=\"https:\/\/smaj.rs\/wp-content\/uploads\/2023\/12\/pdf-katalog-background-1536x864.jpg\" class=\"attachment-1536x1536 size-1536x1536 wp-image-2886\" alt=\"\" srcset=\"https:\/\/smaj.rs\/wp-content\/uploads\/2023\/12\/pdf-katalog-background-1536x864.jpg 1536w, https:\/\/smaj.rs\/wp-content\/uploads\/2023\/12\/pdf-katalog-background-300x169.jpg 300w, https:\/\/smaj.rs\/wp-content\/uploads\/2023\/12\/pdf-katalog-background-1024x576.jpg 1024w, https:\/\/smaj.rs\/wp-content\/uploads\/2023\/12\/pdf-katalog-background-768x432.jpg 768w, https:\/\/smaj.rs\/wp-content\/uploads\/2023\/12\/pdf-katalog-background.jpg 1920w\" sizes=\"(max-width: 1536px) 100vw, 1536px\" \/>\t\t\t\t\t\t\t\t\t\t\t\t\t<\/div>\n\t\t\t\t<\/div>\n\t\t\t\t<\/div>\n\t\t<div class=\"elementor-element elementor-element-42b2e80 e-flex e-con-boxed e-con e-child\" data-id=\"42b2e80\" data-element_type=\"container\">\n\t\t\t\t\t<div class=\"e-con-inner\">\n\t\t\t\t<div class=\"elementor-element elementor-element-af5d3e1 elementor-widget elementor-widget-heading\" data-id=\"af5d3e1\" data-element_type=\"widget\" data-widget_type=\"heading.default\">\n\t\t\t\t<div class=\"elementor-widget-container\">\n\t\t\t<h2 class=\"elementor-heading-title elementor-size-default\">\u00c9cologique et efficace<\/h2>\t\t<\/div>\n\t\t\t\t<\/div>\n\t\t\t\t<div class=\"elementor-element elementor-element-1873a3e elementor-widget elementor-widget-text-editor\" data-id=\"1873a3e\" data-element_type=\"widget\" data-widget_type=\"text-editor.default\">\n\t\t\t\t<div class=\"elementor-widget-container\">\n\t\t\t<style>\/*! elementor - v3.23.0 - 25-07-2024 *\/\n.elementor-widget-text-editor.elementor-drop-cap-view-stacked .elementor-drop-cap{background-color:#69727d;color:#fff}.elementor-widget-text-editor.elementor-drop-cap-view-framed .elementor-drop-cap{color:#69727d;border:3px solid;background-color:transparent}.elementor-widget-text-editor:not(.elementor-drop-cap-view-default) .elementor-drop-cap{margin-top:8px}.elementor-widget-text-editor:not(.elementor-drop-cap-view-default) .elementor-drop-cap-letter{width:1em;height:1em}.elementor-widget-text-editor .elementor-drop-cap{float:left;text-align:center;line-height:1;font-size:50px}.elementor-widget-text-editor .elementor-drop-cap-letter{display:inline-block}<\/style>\t\t\t\t<p>Dans la vie moderne et dans les entreprises, l&rsquo;efficacit\u00e9 \u00e9nerg\u00e9tique est une priorit\u00e9. Elle comprend une s\u00e9rie de mesures prises pour r\u00e9duire la consommation d&rsquo;\u00e9nergie, sans perturber les conditions de travail et de vie. <\/p>\n<p>Notre entreprise s&rsquo;efforce de produire principalement \u00e0 partir de mat\u00e9riaux naturels qui ne nuisent pas \u00e0 l&rsquo;environnement. Le bois, qui fait partie int\u00e9grante de nos produits, est un mat\u00e9riau traditionnel qui pr\u00e9sente de bonnes caract\u00e9ristiques \u00e9nerg\u00e9tiques. Dans les installations de production, nous utilisons des peintures \u00e9cologiques sans effets nocifs, ainsi que de l&rsquo;aluminium, qui est un mat\u00e9riau totalement \u00e9cologique. Nous acc\u00e9dons \u00e0 l&rsquo;efficacit\u00e9 \u00e9nerg\u00e9tique en adoptant des technologies et des processus de production efficaces, ainsi qu&rsquo;en appliquant des m\u00e9thodes reconnues pour r\u00e9duire les pertes d&rsquo;\u00e9nergie.   <\/p>\n<p>En achetant nos produits, vous rejoignez sans aucun doute le cercle des personnes qui militent pour la protection de l&rsquo;environnement et qui parviennent \u00e0 r\u00e9duire la consommation d&rsquo;\u00e9nergie dans leur foyer.<\/p>\n\t\t\t\t\t\t<\/div>\n\t\t\t\t<\/div>\n\t\t\t\t\t<\/div>\n\t\t\t\t<\/div>\n\t\t\t\t\t<\/div>\n\t\t\t\t<\/div>\n\t\t<div class=\"elementor-element elementor-element-efc6fdb e-flex e-con-boxed e-con e-parent\" data-id=\"efc6fdb\" data-element_type=\"container\">\n\t\t\t\t\t<div class=\"e-con-inner\">\n\t\t<div class=\"elementor-element elementor-element-935ad41 e-flex e-con-boxed e-con e-child\" data-id=\"935ad41\" data-element_type=\"container\">\n\t\t\t\t\t<div class=\"e-con-inner\">\n\t\t\t\t<div class=\"elementor-element elementor-element-4e89226 elementor-widget elementor-widget-heading\" data-id=\"4e89226\" data-element_type=\"widget\" data-widget_type=\"heading.default\">\n\t\t\t\t<div class=\"elementor-widget-container\">\n\t\t\t<h2 class=\"elementor-heading-title elementor-size-default\">Un choix judicieux<\/h2>\t\t<\/div>\n\t\t\t\t<\/div>\n\t\t\t\t<div class=\"elementor-element elementor-element-7220655 elementor-widget elementor-widget-text-editor\" data-id=\"7220655\" data-element_type=\"widget\" data-widget_type=\"text-editor.default\">\n\t\t\t\t<div class=\"elementor-widget-container\">\n\t\t\t\t\t\t\t<p>Nous perdons une grande quantit\u00e9 d&rsquo;\u00e9nergie par les fen\u00eatres, m\u00eame dans un b\u00e2timent bien isol\u00e9, et la chaleur p\u00e9n\u00e8tre par celles-ci en \u00e9t\u00e9. Cependant, l&rsquo;isolation thermique des fen\u00eatres n&rsquo;est pas le sujet qui vient \u00e0 l&rsquo;esprit lorsqu&rsquo;on parle d&rsquo;isolation. <\/p>\n<p>Lorsqu&rsquo;il s&rsquo;agit de fen\u00eatres, le plus important est qu&rsquo;il y en ait suffisamment et qu&rsquo;elles soient bien \u00e9tanches, c&rsquo;est-\u00e0-dire qu&rsquo;elles ne soient pas travers\u00e9es par le vent. Une bonne disposition et le choix de mat\u00e9riaux appropri\u00e9s permettent de r\u00e9duire ces pertes et d&rsquo;\u00e9conomiser de l&rsquo;argent.  <\/p>\n<p>Les exigences croissantes en mati\u00e8re d&rsquo;efficacit\u00e9 \u00e9nerg\u00e9tique des b\u00e2timents ont conduit \u00e0 la production de fen\u00eatres dont les caract\u00e9ristiques sont telles que le verre et les cadres sont am\u00e9lior\u00e9s et assurent une protection thermique. Il convient de veiller \u00e0 \u00e9viter les ponts thermiques et \u00e0 emp\u00eacher la dissipation ou l&rsquo;entr\u00e9e de la chaleur. <\/p>\n\t\t\t\t\t\t<\/div>\n\t\t\t\t<\/div>\n\t\t\t\t\t<\/div>\n\t\t\t\t<\/div>\n\t\t<div class=\"elementor-element elementor-element-e3f0400 e-con-full e-flex e-con e-child\" data-id=\"e3f0400\" data-element_type=\"container\">\n\t\t\t\t<div class=\"elementor-element elementor-element-f9607f1 right-popout elementor-widget elementor-widget-image\" data-id=\"f9607f1\" data-element_type=\"widget\" data-widget_type=\"image.default\">\n\t\t\t\t<div class=\"elementor-widget-container\">\n\t\t\t\t\t\t\t\t\t\t\t\t\t<img decoding=\"async\" width=\"1536\" height=\"864\" src=\"https:\/\/smaj.rs\/wp-content\/uploads\/2023\/12\/biraj-pametno-1536x864.jpg\" class=\"attachment-1536x1536 size-1536x1536 wp-image-2882\" alt=\"\" srcset=\"https:\/\/smaj.rs\/wp-content\/uploads\/2023\/12\/biraj-pametno-1536x864.jpg 1536w, https:\/\/smaj.rs\/wp-content\/uploads\/2023\/12\/biraj-pametno-300x169.jpg 300w, https:\/\/smaj.rs\/wp-content\/uploads\/2023\/12\/biraj-pametno-1024x576.jpg 1024w, https:\/\/smaj.rs\/wp-content\/uploads\/2023\/12\/biraj-pametno-768x432.jpg 768w, https:\/\/smaj.rs\/wp-content\/uploads\/2023\/12\/biraj-pametno.jpg 1920w\" sizes=\"(max-width: 1536px) 100vw, 1536px\" \/>\t\t\t\t\t\t\t\t\t\t\t\t\t<\/div>\n\t\t\t\t<\/div>\n\t\t\t\t<\/div>\n\t\t\t\t\t<\/div>\n\t\t\t\t<\/div>\n\t\t<div class=\"elementor-element elementor-element-e206cb8 e-flex e-con-boxed e-con e-parent\" data-id=\"e206cb8\" data-element_type=\"container\" data-settings=\"{&quot;background_background&quot;:&quot;video&quot;,&quot;background_video_link&quot;:&quot;https:\\\/\\\/youtu.be\\\/y6vBCUbbEjc&quot;,&quot;background_play_on_mobile&quot;:&quot;yes&quot;,&quot;background_privacy_mode&quot;:&quot;yes&quot;}\">\n\t\t\t\t\t<div class=\"e-con-inner\">\n\t\t<div class=\"elementor-background-video-container\">\n\t\t\t\t\t\t\t<div class=\"elementor-background-video-embed\"><\/div>\n\t\t\t\t\t\t<\/div>\t\t\t<\/div>\n\t\t\t\t<\/div>\n\t\t<div class=\"elementor-element elementor-element-dbc3a23 e-flex e-con-boxed e-con e-parent\" data-id=\"dbc3a23\" data-element_type=\"container\">\n\t\t\t\t\t<div class=\"e-con-inner\">\n\t\t<div class=\"elementor-element elementor-element-37a6633 e-con-full e-flex e-con e-child\" data-id=\"37a6633\" data-element_type=\"container\">\n\t\t\t\t<div class=\"elementor-element elementor-element-73e6c33 left-popout elementor-widget elementor-widget-image\" data-id=\"73e6c33\" data-element_type=\"widget\" data-widget_type=\"image.default\">\n\t\t\t\t<div class=\"elementor-widget-container\">\n\t\t\t\t\t\t\t\t\t\t\t\t\t<img decoding=\"async\" width=\"1536\" height=\"864\" src=\"https:\/\/smaj.rs\/wp-content\/uploads\/2023\/12\/vanvremenski-materijal-1536x864.jpg\" class=\"attachment-1536x1536 size-1536x1536 wp-image-2890\" alt=\"\" srcset=\"https:\/\/smaj.rs\/wp-content\/uploads\/2023\/12\/vanvremenski-materijal-1536x864.jpg 1536w, https:\/\/smaj.rs\/wp-content\/uploads\/2023\/12\/vanvremenski-materijal-300x169.jpg 300w, https:\/\/smaj.rs\/wp-content\/uploads\/2023\/12\/vanvremenski-materijal-1024x576.jpg 1024w, https:\/\/smaj.rs\/wp-content\/uploads\/2023\/12\/vanvremenski-materijal-768x432.jpg 768w, https:\/\/smaj.rs\/wp-content\/uploads\/2023\/12\/vanvremenski-materijal.jpg 1920w\" sizes=\"(max-width: 1536px) 100vw, 1536px\" \/>\t\t\t\t\t\t\t\t\t\t\t\t\t<\/div>\n\t\t\t\t<\/div>\n\t\t\t\t<\/div>\n\t\t<div class=\"elementor-element elementor-element-daff1b3 e-flex e-con-boxed e-con e-child\" data-id=\"daff1b3\" data-element_type=\"container\">\n\t\t\t\t\t<div class=\"e-con-inner\">\n\t\t\t\t<div class=\"elementor-element elementor-element-c25c2cd elementor-widget elementor-widget-heading\" data-id=\"c25c2cd\" data-element_type=\"widget\" data-widget_type=\"heading.default\">\n\t\t\t\t<div class=\"elementor-widget-container\">\n\t\t\t<h2 class=\"elementor-heading-title elementor-size-default\">Garantie de qualit\u00e9<\/h2>\t\t<\/div>\n\t\t\t\t<\/div>\n\t\t\t\t<div class=\"elementor-element elementor-element-f9ad25c elementor-widget elementor-widget-text-editor\" data-id=\"f9ad25c\" data-element_type=\"widget\" data-widget_type=\"text-editor.default\">\n\t\t\t\t<div class=\"elementor-widget-container\">\n\t\t\t\t\t\t\t<p>La fen\u00eatre est constamment expos\u00e9e \u00e0 l&rsquo;\u00e9change de chaleur avec l&rsquo;ext\u00e9rieur. La surface vitr\u00e9e est certainement la plus expos\u00e9e \u00e0 cet \u00e9gard, \u00e9tant donn\u00e9 qu&rsquo;elle constitue plus de 70 % des fen\u00eatres. On consid\u00e8re donc que 80 % des performances de la fen\u00eatre sont garanties par les caract\u00e9ristiques du verre. Le reste est une garantie de qualit\u00e9 du cadre.   <\/p>\n<p>La solution pour am\u00e9liorer les caract\u00e9ristiques d&rsquo;isolation thermique des fen\u00eatres r\u00e9side, comme nous l&rsquo;avons d\u00e9j\u00e0 mentionn\u00e9, dans les thermopans ou verres thermo-isolants. Il s&rsquo;agit de fen\u00eatres \u00e0 vitrage multiple, g\u00e9n\u00e9ralement double. La partie vitr\u00e9e est donc constitu\u00e9e de deux ou plusieurs vitres simples d&rsquo;une certaine \u00e9paisseur et de certaines caract\u00e9ristiques.  <\/p>\n<p>Les cadres, quant \u00e0 eux, sont fabriqu\u00e9s avec des caract\u00e9ristiques am\u00e9lior\u00e9es pour r\u00e9pondre aux exigences d&rsquo;isolation thermique et emp\u00eacher la perte de chaleur et l&rsquo;\u00e9chauffement de la fen\u00eatre.<\/p>\n\t\t\t\t\t\t<\/div>\n\t\t\t\t<\/div>\n\t\t\t\t\t<\/div>\n\t\t\t\t<\/div>\n\t\t\t\t\t<\/div>\n\t\t\t\t<\/div>\n\t\t\t\t<\/div>\n\t\t","protected":false},"excerpt":{"rendered":"<p>Efficacit\u00e9 \u00c9cologique et efficace Dans la vie moderne et dans les entreprises, l&rsquo;efficacit\u00e9 \u00e9nerg\u00e9tique est une priorit\u00e9. Elle comprend une s\u00e9rie de mesures prises pour r\u00e9duire la consommation d&rsquo;\u00e9nergie, sans perturber les conditions de travail et de vie. Notre entreprise s&rsquo;efforce de produire principalement \u00e0 partir de mat\u00e9riaux naturels qui ne nuisent pas \u00e0 l&rsquo;environnement. [&hellip;]<\/p>\n","protected":false},"author":2,"featured_media":0,"parent":0,"menu_order":0,"comment_status":"closed","ping_status":"closed","template":"elementor_header_footer","meta":{"_acf_changed":false,"footnotes":""},"class_list":["post-2927","page","type-page","status-publish","hentry"],"acf":[],"_links":{"self":[{"href":"https:\/\/smaj.rs\/fr\/wp-json\/wp\/v2\/pages\/2927","targetHints":{"allow":["GET"]}}],"collection":[{"href":"https:\/\/smaj.rs\/fr\/wp-json\/wp\/v2\/pages"}],"about":[{"href":"https:\/\/smaj.rs\/fr\/wp-json\/wp\/v2\/types\/page"}],"author":[{"embeddable":true,"href":"https:\/\/smaj.rs\/fr\/wp-json\/wp\/v2\/users\/2"}],"replies":[{"embeddable":true,"href":"https:\/\/smaj.rs\/fr\/wp-json\/wp\/v2\/comments?post=2927"}],"version-history":[{"count":0,"href":"https:\/\/smaj.rs\/fr\/wp-json\/wp\/v2\/pages\/2927\/revisions"}],"wp:attachment":[{"href":"https:\/\/smaj.rs\/fr\/wp-json\/wp\/v2\/media?parent=2927"}],"curies":[{"name":"wp","href":"https:\/\/api.w.org\/{rel}","templated":true}]}}