{"id":2861,"date":"2023-11-12T10:25:09","date_gmt":"2023-11-12T10:25:09","guid":{"rendered":"https:\/\/smaj.rs\/contact\/"},"modified":"2024-07-27T13:16:22","modified_gmt":"2024-07-27T13:16:22","slug":"contact","status":"publish","type":"page","link":"https:\/\/smaj.rs\/fr\/contact\/","title":{"rendered":"Contact"},"content":{"rendered":"\t\t<div data-elementor-type=\"wp-page\" data-elementor-id=\"2861\" class=\"elementor elementor-2861 elementor-794\" data-elementor-post-type=\"page\">\n\t\t\t\t<div class=\"elementor-element elementor-element-e62619e e-con-full e-flex e-con e-parent\" data-id=\"e62619e\" data-element_type=\"container\" data-settings=\"{&quot;background_background&quot;:&quot;classic&quot;}\">\n\t\t\t\t<div class=\"elementor-element elementor-element-17d246b elementor-widget elementor-widget-heading\" data-id=\"17d246b\" data-element_type=\"widget\" data-widget_type=\"heading.default\">\n\t\t\t\t<div class=\"elementor-widget-container\">\n\t\t\t<style>\/*! elementor - v3.23.0 - 25-07-2024 *\/\n.elementor-heading-title{padding:0;margin:0;line-height:1}.elementor-widget-heading .elementor-heading-title[class*=elementor-size-]>a{color:inherit;font-size:inherit;line-height:inherit}.elementor-widget-heading .elementor-heading-title.elementor-size-small{font-size:15px}.elementor-widget-heading .elementor-heading-title.elementor-size-medium{font-size:19px}.elementor-widget-heading .elementor-heading-title.elementor-size-large{font-size:29px}.elementor-widget-heading .elementor-heading-title.elementor-size-xl{font-size:39px}.elementor-widget-heading .elementor-heading-title.elementor-size-xxl{font-size:59px}<\/style><h1 class=\"elementor-heading-title elementor-size-default\">Contact<\/h1>\t\t<\/div>\n\t\t\t\t<\/div>\n\t\t\t\t<\/div>\n\t\t<div class=\"elementor-element elementor-element-f549300 e-flex e-con-boxed e-con e-parent\" data-id=\"f549300\" data-element_type=\"container\">\n\t\t\t\t\t<div class=\"e-con-inner\">\n\t\t<div class=\"elementor-element elementor-element-e26e61e e-con-full e-flex e-con e-child\" data-id=\"e26e61e\" data-element_type=\"container\" data-settings=\"{&quot;background_background&quot;:&quot;classic&quot;}\">\n\t\t\t\t<div class=\"elementor-element elementor-element-09f4fab elementor-widget__width-initial elementor-hidden-mobile elementor-hidden-tablet elementor-widget elementor-widget-image\" data-id=\"09f4fab\" data-element_type=\"widget\" data-widget_type=\"image.default\">\n\t\t\t\t<div class=\"elementor-widget-container\">\n\t\t\t<style>\/*! elementor - v3.23.0 - 25-07-2024 *\/\n.elementor-widget-image{text-align:center}.elementor-widget-image a{display:inline-block}.elementor-widget-image a img[src$=\".svg\"]{width:48px}.elementor-widget-image img{vertical-align:middle;display:inline-block}<\/style>\t\t\t\t\t\t\t\t\t\t<img fetchpriority=\"high\" decoding=\"async\" width=\"428\" height=\"626\" src=\"https:\/\/smaj.rs\/wp-content\/uploads\/2023\/11\/graphic-radnik.png\" class=\"attachment-large size-large wp-image-795\" alt=\"\" srcset=\"https:\/\/smaj.rs\/wp-content\/uploads\/2023\/11\/graphic-radnik.png 428w, https:\/\/smaj.rs\/wp-content\/uploads\/2023\/11\/graphic-radnik-205x300.png 205w\" sizes=\"(max-width: 428px) 100vw, 428px\" \/>\t\t\t\t\t\t\t\t\t\t\t\t\t<\/div>\n\t\t\t\t<\/div>\n\t\t<div class=\"elementor-element elementor-element-64aced8 e-con-full e-flex e-con e-child\" data-id=\"64aced8\" data-element_type=\"container\">\n\t\t\t\t<div class=\"elementor-element elementor-element-ef554bf elementor-widget elementor-widget-text-editor\" data-id=\"ef554bf\" data-element_type=\"widget\" data-widget_type=\"text-editor.default\">\n\t\t\t\t<div class=\"elementor-widget-container\">\n\t\t\t<style>\/*! elementor - v3.23.0 - 25-07-2024 *\/\n.elementor-widget-text-editor.elementor-drop-cap-view-stacked .elementor-drop-cap{background-color:#69727d;color:#fff}.elementor-widget-text-editor.elementor-drop-cap-view-framed .elementor-drop-cap{color:#69727d;border:3px solid;background-color:transparent}.elementor-widget-text-editor:not(.elementor-drop-cap-view-default) .elementor-drop-cap{margin-top:8px}.elementor-widget-text-editor:not(.elementor-drop-cap-view-default) .elementor-drop-cap-letter{width:1em;height:1em}.elementor-widget-text-editor .elementor-drop-cap{float:left;text-align:center;line-height:1;font-size:50px}.elementor-widget-text-editor .elementor-drop-cap-letter{display:inline-block}<\/style>\t\t\t\t<p>Vous souhaitez obtenir plus d&rsquo;informations sur notre offre ? Remplissez le formulaire, appelez-nous ou contactez-nous par e-mail et d\u00e9couvrez pourquoi Smaj Produkt est le bon choix. <\/p>\n\t\t\t\t\t\t<\/div>\n\t\t\t\t<\/div>\n\t\t\t\t<div class=\"elementor-element elementor-element-5e181e8 eael-fluentform-form-button-custom elementor-widget elementor-widget-eael-fluentform\" data-id=\"5e181e8\" data-element_type=\"widget\" data-widget_type=\"eael-fluentform.default\">\n\t\t\t\t<div class=\"elementor-widget-container\">\n\t\t\t        <div class=\"eael-contact-form eael-fluent-form-wrapper clearfix placeholder-hide eael-contact-form-align-default\">\n\n            \n            <div class='fluentform ff-default fluentform_wrapper_4 ffs_default_wrap'><form data-form_id=\"4\" id=\"fluentform_4\" class=\"frm-fluent-form fluent_form_4 ff-el-form-top ff_form_instance_4_1 ff-form-loading ff_has_v3_recptcha ffs_default\" data-form_instance=\"ff_form_instance_4_1\" method=\"POST\" data-recptcha_key=\"6LcjN3EpAAAAAEMi-uYA0m-hfq5x9jBWx68wsgWX\" ><fieldset  style=\"border: none!important;margin: 0!important;padding: 0!important;background-color: transparent!important;box-shadow: none!important;outline: none!important; min-inline-size: 100%;\">\n                    <legend class=\"ff_screen_reader_title\" style=\"display: block; margin: 0!important;padding: 0!important;height: 0!important;text-indent: -999999px;width: 0!important;overflow:hidden;\">Kontakt - FR<\/legend>        <span style=\"display: none !important;\"><input type=\"checkbox\"\n                name=\"item__4__fluent_checkme_\"\n                value=\"1\" style=\"display:none !important;\" tabindex=\"-1\" aria-hidden=\"true\"><\/span>\n        <input type='hidden' name='__fluent_form_embded_post_id' value='2861' \/><input type=\"hidden\" id=\"_fluentform_4_fluentformnonce\" name=\"_fluentform_4_fluentformnonce\" value=\"ecccf07701\" \/><input type=\"hidden\" name=\"_wp_http_referer\" value=\"\/fr\/wp-json\/wp\/v2\/pages\/2861\" \/><div data-name=\"ff_cn_id_1\"  class='ff-t-container ff-column-container ff_columns_total_2  '><div class='ff-t-cell ff-t-column-1' style='flex-basis: 50%;'><div data-type=\"name-element\" data-name=\"names\" class=\" ff-field_container ff-name-field-wrapper\" ><div class='ff-t-container'><div class='ff-t-cell '><div class='ff-el-group'><div class=\"ff-el-input--label ff-el-is-required asterisk-right\"><label for='ff_4_names_first_name_' aria-label=\"Nom \/ Entreprise\">Nom \/ Entreprise<\/label><\/div><div class='ff-el-input--content'><input type=\"text\" name=\"names[first_name]\" id=\"ff_4_names_first_name_\" class=\"ff-el-form-control\" placeholder=\"Nom \/ Entreprise\" tabindex=\"1\" aria-invalid=\"false\" aria-required=true><\/div><\/div><\/div><\/div><\/div><\/div><div class='ff-t-cell ff-t-column-2' style='flex-basis: 50%;'><div class='ff-el-group'><div class=\"ff-el-input--label ff-el-is-required asterisk-right\"><label for='ff_4_email' aria-label=\"Email\">Email<\/label><\/div><div class='ff-el-input--content'><input type=\"email\" name=\"email\" id=\"ff_4_email\" class=\"ff-el-form-control\" placeholder=\"Email\" data-name=\"email\" tabindex=\"2\"  aria-invalid=\"false\" aria-required=true><\/div><\/div><\/div><\/div><div data-name=\"ff_cn_id_2\"  class='ff-t-container ff-column-container ff_columns_total_2  '><div class='ff-t-cell ff-t-column-1' style='flex-basis: 50%;'><div class='ff-el-group'><div class=\"ff-el-input--label asterisk-right\"><label for='ff_4_subject' aria-label=\"Ville\">Ville<\/label><\/div><div class='ff-el-input--content'><input type=\"text\" name=\"subject\" class=\"ff-el-form-control\" placeholder=\"Ville\" data-name=\"subject\" tabindex=\"3\" id=\"ff_4_subject\"  aria-invalid=\"false\" aria-required=false><\/div><\/div><\/div><div class='ff-t-cell ff-t-column-2' style='flex-basis: 50%;'><div class='ff-el-group'><div class=\"ff-el-input--label asterisk-right\"><label for='ff_4_subject_1' aria-label=\"T\u00e9l\u00e9phone\">T\u00e9l\u00e9phone<\/label><\/div><div class='ff-el-input--content'><input type=\"text\" name=\"subject_1\" class=\"ff-el-form-control\" placeholder=\"T\u00e9l\u00e9phone\" data-name=\"subject_1\" tabindex=\"4\" id=\"ff_4_subject_1\"  aria-invalid=\"false\" aria-required=false><\/div><\/div><\/div><\/div><div class='ff-el-group'><div class=\"ff-el-input--label ff-el-is-required asterisk-right\"><label for='ff_4_message' aria-label=\"Message\">Message<\/label><\/div><div class='ff-el-input--content'><textarea aria-invalid=\"false\" aria-required=true name=\"message\" id=\"ff_4_message\" class=\"ff-el-form-control\" placeholder=\"Message\" rows=\"4\" cols=\"2\" data-name=\"message\" tabindex=\"5\" ><\/textarea><\/div><\/div><div class='ff-el-group ff-text-left ff_submit_btn_wrapper'><button type=\"submit\" class=\"ff-btn ff-btn-submit ff-btn-md ff_btn_style\" tabindex=\"6\" >Envoyer<\/button><\/div><\/fieldset><\/form><div id='fluentform_4_errors' class='ff-errors-in-stack ff_form_instance_4_1 ff-form-loading_errors ff_form_instance_4_1_errors'><\/div><\/div>        <script type=\"text\/javascript\">\n            window.fluent_form_ff_form_instance_4_1 = {\"id\":\"4\",\"settings\":{\"layout\":{\"labelPlacement\":\"top\",\"helpMessagePlacement\":\"with_label\",\"errorMessagePlacement\":\"inline\",\"cssClassName\":\"\",\"asteriskPlacement\":\"asterisk-right\"},\"restrictions\":{\"denyEmptySubmission\":{\"enabled\":false}}},\"form_instance\":\"ff_form_instance_4_1\",\"form_id_selector\":\"fluentform_4\",\"rules\":{\"names[first_name]\":{\"required\":{\"value\":true,\"message\":\"Ce champ doit \\u00eatre rempli.\",\"global\":false,\"global_message\":\"This field is required\"}},\"names[middle_name]\":{\"required\":{\"value\":false,\"message\":\"This field is required\",\"global\":false,\"global_message\":\"This field is required\"}},\"names[last_name]\":{\"required\":{\"value\":false,\"message\":\"This field is required\",\"global\":false,\"global_message\":\"This field is required\"}},\"email\":{\"required\":{\"value\":true,\"message\":\"Ce champ doit \\u00eatre rempli.\",\"global\":false,\"global_message\":\"This field is required\"},\"email\":{\"value\":true,\"message\":\"Vous devez saisir un e-mail valide.\",\"global\":false,\"global_message\":\"This field must contain a valid email\"}},\"subject\":{\"required\":{\"value\":false,\"message\":\"This field is required\",\"global\":false,\"global_message\":\"This field is required\"}},\"subject_1\":{\"required\":{\"value\":false,\"message\":\"This field is required\",\"global\":false,\"global_message\":\"This field is required\"}},\"message\":{\"required\":{\"value\":true,\"message\":\"Ce champ doit \\u00eatre rempli.\",\"global\":false,\"global_message\":\"This field is required\"}}}};\n                    <\/script>\n                <\/div>\n\n        \t\t<\/div>\n\t\t\t\t<\/div>\n\t\t\t\t<\/div>\n\t\t\t\t<\/div>\n\t\t\t\t\t<\/div>\n\t\t\t\t<\/div>\n\t\t<div class=\"elementor-element elementor-element-0646e5e e-con-full e-flex e-con e-parent\" data-id=\"0646e5e\" data-element_type=\"container\">\n\t\t<div class=\"elementor-element elementor-element-c24372e e-flex e-con-boxed e-con e-child\" data-id=\"c24372e\" data-element_type=\"container\">\n\t\t\t\t\t<div class=\"e-con-inner\">\n\t\t\t\t<div class=\"elementor-element elementor-element-3ee9f9f elementor-widget elementor-widget-heading\" data-id=\"3ee9f9f\" data-element_type=\"widget\" data-widget_type=\"heading.default\">\n\t\t\t\t<div class=\"elementor-widget-container\">\n\t\t\t<h2 class=\"elementor-heading-title elementor-size-default\">Nous trouver sur la carte<\/h2>\t\t<\/div>\n\t\t\t\t<\/div>\n\t\t\t\t<div class=\"elementor-element elementor-element-83709cf elementor-widget elementor-widget-text-editor\" data-id=\"83709cf\" data-element_type=\"widget\" data-widget_type=\"text-editor.default\">\n\t\t\t\t<div class=\"elementor-widget-container\">\n\t\t\t\t\t\t\t<p>Les installations de production de SMAJ Produkt sont situ\u00e9es \u00e0 Lazarevo Selo, pr\u00e8s de Ni\u0161. Utilisez la carte ci-dessous pour nous trouver ou configurez la navigation sur votre appareil. <\/p>\n\t\t\t\t\t\t<\/div>\n\t\t\t\t<\/div>\n\t\t\t\t\t<\/div>\n\t\t\t\t<\/div>\n\t\t\t\t<div class=\"elementor-element elementor-element-e8ce99c elementor-widget elementor-widget-google_maps\" data-id=\"e8ce99c\" data-element_type=\"widget\" data-widget_type=\"google_maps.default\">\n\t\t\t\t<div class=\"elementor-widget-container\">\n\t\t\t<style>\/*! elementor - v3.23.0 - 25-07-2024 *\/\n.elementor-widget-google_maps .elementor-widget-container{overflow:hidden}.elementor-widget-google_maps .elementor-custom-embed{line-height:0}.elementor-widget-google_maps iframe{height:300px}<\/style>\t\t<div class=\"elementor-custom-embed\">\n\t\t\t<iframe loading=\"lazy\"\n\t\t\t\t\tsrc=\"https:\/\/maps.google.com\/maps?q=Smaj%20Produkt%2C%20Nis&#038;t=m&#038;z=13&#038;output=embed&#038;iwloc=near\"\n\t\t\t\t\ttitle=\"Smaj Produkt, Nis\"\n\t\t\t\t\taria-label=\"Smaj Produkt, Nis\"\n\t\t\t><\/iframe>\n\t\t<\/div>\n\t\t\t\t<\/div>\n\t\t\t\t<\/div>\n\t\t\t\t<\/div>\n\t\t\t\t<\/div>\n\t\t","protected":false},"excerpt":{"rendered":"<p>Contact Vous souhaitez obtenir plus d&rsquo;informations sur notre offre ? Remplissez le formulaire, appelez-nous ou contactez-nous par e-mail et d\u00e9couvrez pourquoi Smaj Produkt est le bon choix. Kontakt &#8211; FR Nom \/ EntrepriseEmailVilleT\u00e9l\u00e9phoneMessageEnvoyer Nous trouver sur la carte Les installations de production de SMAJ Produkt sont situ\u00e9es \u00e0 Lazarevo Selo, pr\u00e8s de Ni\u0161. Utilisez la [&hellip;]<\/p>\n","protected":false},"author":2,"featured_media":0,"parent":0,"menu_order":0,"comment_status":"closed","ping_status":"closed","template":"elementor_header_footer","meta":{"_acf_changed":false,"footnotes":""},"class_list":["post-2861","page","type-page","status-publish","hentry"],"acf":[],"_links":{"self":[{"href":"https:\/\/smaj.rs\/fr\/wp-json\/wp\/v2\/pages\/2861","targetHints":{"allow":["GET"]}}],"collection":[{"href":"https:\/\/smaj.rs\/fr\/wp-json\/wp\/v2\/pages"}],"about":[{"href":"https:\/\/smaj.rs\/fr\/wp-json\/wp\/v2\/types\/page"}],"author":[{"embeddable":true,"href":"https:\/\/smaj.rs\/fr\/wp-json\/wp\/v2\/users\/2"}],"replies":[{"embeddable":true,"href":"https:\/\/smaj.rs\/fr\/wp-json\/wp\/v2\/comments?post=2861"}],"version-history":[{"count":10,"href":"https:\/\/smaj.rs\/fr\/wp-json\/wp\/v2\/pages\/2861\/revisions"}],"predecessor-version":[{"id":6224,"href":"https:\/\/smaj.rs\/fr\/wp-json\/wp\/v2\/pages\/2861\/revisions\/6224"}],"wp:attachment":[{"href":"https:\/\/smaj.rs\/fr\/wp-json\/wp\/v2\/media?parent=2861"}],"curies":[{"name":"wp","href":"https:\/\/api.w.org\/{rel}","templated":true}]}}