{"id":2848,"date":"2023-11-12T14:48:07","date_gmt":"2023-11-12T14:48:07","guid":{"rendered":"https:\/\/smaj.rs\/securite\/"},"modified":"2023-12-14T19:24:17","modified_gmt":"2023-12-14T19:24:17","slug":"securite","status":"publish","type":"page","link":"https:\/\/smaj.rs\/fr\/securite\/","title":{"rendered":"S\u00e9curit\u00e9"},"content":{"rendered":"\t\t<div data-elementor-type=\"wp-page\" data-elementor-id=\"2848\" class=\"elementor elementor-2848 elementor-876\" data-elementor-post-type=\"page\">\n\t\t\t\t<div class=\"elementor-element elementor-element-e62619e e-con-full e-flex e-con e-parent\" data-id=\"e62619e\" data-element_type=\"container\" data-settings=\"{&quot;background_background&quot;:&quot;classic&quot;}\">\n\t\t\t\t<div class=\"elementor-element elementor-element-17d246b elementor-widget elementor-widget-heading\" data-id=\"17d246b\" data-element_type=\"widget\" data-widget_type=\"heading.default\">\n\t\t\t\t<div class=\"elementor-widget-container\">\n\t\t\t<style>\/*! elementor - v3.23.0 - 25-07-2024 *\/\n.elementor-heading-title{padding:0;margin:0;line-height:1}.elementor-widget-heading .elementor-heading-title[class*=elementor-size-]>a{color:inherit;font-size:inherit;line-height:inherit}.elementor-widget-heading .elementor-heading-title.elementor-size-small{font-size:15px}.elementor-widget-heading .elementor-heading-title.elementor-size-medium{font-size:19px}.elementor-widget-heading .elementor-heading-title.elementor-size-large{font-size:29px}.elementor-widget-heading .elementor-heading-title.elementor-size-xl{font-size:39px}.elementor-widget-heading .elementor-heading-title.elementor-size-xxl{font-size:59px}<\/style><h1 class=\"elementor-heading-title elementor-size-default\">S\u00e9curit\u00e9<\/h1>\t\t<\/div>\n\t\t\t\t<\/div>\n\t\t\t\t<\/div>\n\t\t<div class=\"elementor-element elementor-element-e594a85 e-flex e-con-boxed e-con e-parent\" data-id=\"e594a85\" data-element_type=\"container\">\n\t\t\t\t\t<div class=\"e-con-inner\">\n\t\t<div class=\"elementor-element elementor-element-3d212e8 e-con-full e-flex e-con e-child\" data-id=\"3d212e8\" data-element_type=\"container\">\n\t\t\t\t<div class=\"elementor-element elementor-element-1474d7f left-popout elementor-widget elementor-widget-image\" data-id=\"1474d7f\" data-element_type=\"widget\" data-widget_type=\"image.default\">\n\t\t\t\t<div class=\"elementor-widget-container\">\n\t\t\t<style>\/*! elementor - v3.23.0 - 25-07-2024 *\/\n.elementor-widget-image{text-align:center}.elementor-widget-image a{display:inline-block}.elementor-widget-image a img[src$=\".svg\"]{width:48px}.elementor-widget-image img{vertical-align:middle;display:inline-block}<\/style>\t\t\t\t\t\t\t\t\t\t<img fetchpriority=\"high\" decoding=\"async\" width=\"800\" height=\"450\" src=\"https:\/\/smaj.rs\/wp-content\/uploads\/2023\/11\/portrait-beautiful-young-female-with-pretty-face-short-dark-hair-big-eyes-glasses-with-her-cheerful-child.jpg\" class=\"attachment-large size-large wp-image-299\" alt=\"\" srcset=\"https:\/\/smaj.rs\/wp-content\/uploads\/2023\/11\/portrait-beautiful-young-female-with-pretty-face-short-dark-hair-big-eyes-glasses-with-her-cheerful-child.jpg 960w, https:\/\/smaj.rs\/wp-content\/uploads\/2023\/11\/portrait-beautiful-young-female-with-pretty-face-short-dark-hair-big-eyes-glasses-with-her-cheerful-child-300x169.jpg 300w, https:\/\/smaj.rs\/wp-content\/uploads\/2023\/11\/portrait-beautiful-young-female-with-pretty-face-short-dark-hair-big-eyes-glasses-with-her-cheerful-child-768x432.jpg 768w\" sizes=\"(max-width: 800px) 100vw, 800px\" \/>\t\t\t\t\t\t\t\t\t\t\t\t\t<\/div>\n\t\t\t\t<\/div>\n\t\t\t\t<\/div>\n\t\t<div class=\"elementor-element elementor-element-42b2e80 e-flex e-con-boxed e-con e-child\" data-id=\"42b2e80\" data-element_type=\"container\">\n\t\t\t\t\t<div class=\"e-con-inner\">\n\t\t\t\t<div class=\"elementor-element elementor-element-af5d3e1 elementor-widget elementor-widget-heading\" data-id=\"af5d3e1\" data-element_type=\"widget\" data-widget_type=\"heading.default\">\n\t\t\t\t<div class=\"elementor-widget-container\">\n\t\t\t<h2 class=\"elementor-heading-title elementor-size-default\">S\u00e9curit\u00e9<\/h2>\t\t<\/div>\n\t\t\t\t<\/div>\n\t\t\t\t<div class=\"elementor-element elementor-element-1873a3e elementor-widget elementor-widget-text-editor\" data-id=\"1873a3e\" data-element_type=\"widget\" data-widget_type=\"text-editor.default\">\n\t\t\t\t<div class=\"elementor-widget-container\">\n\t\t\t<style>\/*! elementor - v3.23.0 - 25-07-2024 *\/\n.elementor-widget-text-editor.elementor-drop-cap-view-stacked .elementor-drop-cap{background-color:#69727d;color:#fff}.elementor-widget-text-editor.elementor-drop-cap-view-framed .elementor-drop-cap{color:#69727d;border:3px solid;background-color:transparent}.elementor-widget-text-editor:not(.elementor-drop-cap-view-default) .elementor-drop-cap{margin-top:8px}.elementor-widget-text-editor:not(.elementor-drop-cap-view-default) .elementor-drop-cap-letter{width:1em;height:1em}.elementor-widget-text-editor .elementor-drop-cap{float:left;text-align:center;line-height:1;font-size:50px}.elementor-widget-text-editor .elementor-drop-cap-letter{display:inline-block}<\/style>\t\t\t\t<p>La quincaillerie standard des fen\u00eatres et le m\u00e9canisme de verrouillage quintuple offrent une protection standard contre le cambriolage, qui peut \u00eatre augment\u00e9e en option aux trois classes de s\u00e9curit\u00e9 test\u00e9es RC2, RC2N et RC3.<\/p>\n<p>En plus de la s\u00e9curit\u00e9 standard, il est possible d&rsquo;ajouter des technologies de s\u00e9curit\u00e9 suppl\u00e9mentaires : un syst\u00e8me de surveillance magn\u00e9tique, une alarme de fen\u00eatre et bien d&rsquo;autres technologies \u00e9lectroniques que nous pouvons proposer et int\u00e9grer dans le produit s\u00e9lectionn\u00e9.<\/p>\n\t\t\t\t\t\t<\/div>\n\t\t\t\t<\/div>\n\t\t\t\t\t<\/div>\n\t\t\t\t<\/div>\n\t\t\t\t\t<\/div>\n\t\t\t\t<\/div>\n\t\t<div class=\"elementor-element elementor-element-cccb109 e-flex e-con-boxed e-con e-parent\" data-id=\"cccb109\" data-element_type=\"container\">\n\t\t\t\t\t<div class=\"e-con-inner\">\n\t\t<div class=\"elementor-element elementor-element-5d05204 e-con-full e-flex e-con e-child\" data-id=\"5d05204\" data-element_type=\"container\">\n\t\t\t\t<div class=\"elementor-element elementor-element-d74a588 elementor-widget elementor-widget-heading\" data-id=\"d74a588\" data-element_type=\"widget\" data-widget_type=\"heading.default\">\n\t\t\t\t<div class=\"elementor-widget-container\">\n\t\t\t<h2 class=\"elementor-heading-title elementor-size-default\">Types de s\u00e9curit\u00e9<\/h2>\t\t<\/div>\n\t\t\t\t<\/div>\n\t\t\t\t<div class=\"elementor-element elementor-element-17a0053 elementor-widget elementor-widget-text-editor\" data-id=\"17a0053\" data-element_type=\"widget\" data-widget_type=\"text-editor.default\">\n\t\t\t\t<div class=\"elementor-widget-container\">\n\t\t\t\t\t\t\t<p>Smaj Produkt propose actuellement les types de s\u00e9curit\u00e9 suivants :<\/p>\n\t\t\t\t\t\t<\/div>\n\t\t\t\t<\/div>\n\t\t<div class=\"elementor-element elementor-element-46bc45a e-grid e-con-boxed e-con e-child\" data-id=\"46bc45a\" data-element_type=\"container\">\n\t\t\t\t\t<div class=\"e-con-inner\">\n\t\t<div class=\"elementor-element elementor-element-0cbd552 e-flex e-con-boxed e-con e-child\" data-id=\"0cbd552\" data-element_type=\"container\">\n\t\t\t\t\t<div class=\"e-con-inner\">\n\t\t\t\t<div class=\"elementor-element elementor-element-6305472 elementor-widget elementor-widget-image\" data-id=\"6305472\" data-element_type=\"widget\" data-widget_type=\"image.default\">\n\t\t\t\t<div class=\"elementor-widget-container\">\n\t\t\t\t\t\t\t\t\t\t\t\t\t<img decoding=\"async\" width=\"229\" height=\"351\" src=\"https:\/\/smaj.rs\/wp-content\/uploads\/2023\/11\/lock-rc1.png\" class=\"attachment-large size-large wp-image-327\" alt=\"\" srcset=\"https:\/\/smaj.rs\/wp-content\/uploads\/2023\/11\/lock-rc1.png 229w, https:\/\/smaj.rs\/wp-content\/uploads\/2023\/11\/lock-rc1-196x300.png 196w\" sizes=\"(max-width: 229px) 100vw, 229px\" \/>\t\t\t\t\t\t\t\t\t\t\t\t\t<\/div>\n\t\t\t\t<\/div>\n\t\t<div class=\"elementor-element elementor-element-ec4c5a6 e-flex e-con-boxed e-con e-child\" data-id=\"ec4c5a6\" data-element_type=\"container\">\n\t\t\t\t\t<div class=\"e-con-inner\">\n\t\t\t\t<div class=\"elementor-element elementor-element-c7673ec elementor-widget elementor-widget-heading\" data-id=\"c7673ec\" data-element_type=\"widget\" data-widget_type=\"heading.default\">\n\t\t\t\t<div class=\"elementor-widget-container\">\n\t\t\t<h2 class=\"elementor-heading-title elementor-size-default\">RC 1<\/h2>\t\t<\/div>\n\t\t\t\t<\/div>\n\t\t\t\t<div class=\"elementor-element elementor-element-395c832 elementor-widget elementor-widget-text-editor\" data-id=\"395c832\" data-element_type=\"widget\" data-widget_type=\"text-editor.default\">\n\t\t\t\t<div class=\"elementor-widget-container\">\n\t\t\t\t\t\t\t<p>Protection standard de la fen\u00eatre. Verrouillage \u00e0 5 endroits, avec r\u00e9cepteurs standard. <\/p>\n<p>Il faut d&rsquo;un outil de base pour cambrioler (tournevis, marteau, barre, fil de fer, couteau, pince&#8230;). Temps d&rsquo;ouverture : 3 minutes (cambrioleur occasionnel)  <\/p>\n\t\t\t\t\t\t<\/div>\n\t\t\t\t<\/div>\n\t\t\t\t\t<\/div>\n\t\t\t\t<\/div>\n\t\t\t\t\t<\/div>\n\t\t\t\t<\/div>\n\t\t<div class=\"elementor-element elementor-element-3c55b4d e-flex e-con-boxed e-con e-child\" data-id=\"3c55b4d\" data-element_type=\"container\">\n\t\t\t\t\t<div class=\"e-con-inner\">\n\t\t\t\t<div class=\"elementor-element elementor-element-01b4f47 elementor-widget elementor-widget-image\" data-id=\"01b4f47\" data-element_type=\"widget\" data-widget_type=\"image.default\">\n\t\t\t\t<div class=\"elementor-widget-container\">\n\t\t\t\t\t\t\t\t\t\t\t\t\t<img decoding=\"async\" width=\"229\" height=\"350\" src=\"https:\/\/smaj.rs\/wp-content\/uploads\/2023\/11\/lock-rc2.png\" class=\"attachment-large size-large wp-image-331\" alt=\"\" srcset=\"https:\/\/smaj.rs\/wp-content\/uploads\/2023\/11\/lock-rc2.png 229w, https:\/\/smaj.rs\/wp-content\/uploads\/2023\/11\/lock-rc2-196x300.png 196w\" sizes=\"(max-width: 229px) 100vw, 229px\" \/>\t\t\t\t\t\t\t\t\t\t\t\t\t<\/div>\n\t\t\t\t<\/div>\n\t\t<div class=\"elementor-element elementor-element-ef5c8fa e-flex e-con-boxed e-con e-child\" data-id=\"ef5c8fa\" data-element_type=\"container\">\n\t\t\t\t\t<div class=\"e-con-inner\">\n\t\t\t\t<div class=\"elementor-element elementor-element-dc16bc6 elementor-widget elementor-widget-heading\" data-id=\"dc16bc6\" data-element_type=\"widget\" data-widget_type=\"heading.default\">\n\t\t\t\t<div class=\"elementor-widget-container\">\n\t\t\t<h2 class=\"elementor-heading-title elementor-size-default\">RC 2<\/h2>\t\t<\/div>\n\t\t\t\t<\/div>\n\t\t\t\t<div class=\"elementor-element elementor-element-0fa4087 elementor-widget elementor-widget-text-editor\" data-id=\"0fa4087\" data-element_type=\"widget\" data-widget_type=\"text-editor.default\">\n\t\t\t\t<div class=\"elementor-widget-container\">\n\t\t\t\t\t\t\t<p>Protection suppl\u00e9mentaire des fen\u00eatres. Verre de s\u00e9curit\u00e9 VSG ou ESG. Verrouillage en 9 points, avec r\u00e9cepteurs suppl\u00e9mentaires. Poign\u00e9e avec cl\u00e9.   <\/p>\n<p>Il faut des outils de base pour cambrioler (tournevis, marteau, tige, fil, couteau, pince&#8230;) + scie, tige et perceuse. Temps d&rsquo;effraction 7 minutes (cambrioleur exp\u00e9riment\u00e9)  <\/p>\n\t\t\t\t\t\t<\/div>\n\t\t\t\t<\/div>\n\t\t\t\t\t<\/div>\n\t\t\t\t<\/div>\n\t\t\t\t\t<\/div>\n\t\t\t\t<\/div>\n\t\t<div class=\"elementor-element elementor-element-d6915f9 e-flex e-con-boxed e-con e-child\" data-id=\"d6915f9\" data-element_type=\"container\">\n\t\t\t\t\t<div class=\"e-con-inner\">\n\t\t\t\t<div class=\"elementor-element elementor-element-19b8c95 elementor-widget elementor-widget-image\" data-id=\"19b8c95\" data-element_type=\"widget\" data-widget_type=\"image.default\">\n\t\t\t\t<div class=\"elementor-widget-container\">\n\t\t\t\t\t\t\t\t\t\t\t\t\t<img loading=\"lazy\" decoding=\"async\" width=\"229\" height=\"351\" src=\"https:\/\/smaj.rs\/wp-content\/uploads\/2023\/11\/lock-rc2n.png\" class=\"attachment-large size-large wp-image-335\" alt=\"\" srcset=\"https:\/\/smaj.rs\/wp-content\/uploads\/2023\/11\/lock-rc2n.png 229w, https:\/\/smaj.rs\/wp-content\/uploads\/2023\/11\/lock-rc2n-196x300.png 196w\" sizes=\"(max-width: 229px) 100vw, 229px\" \/>\t\t\t\t\t\t\t\t\t\t\t\t\t<\/div>\n\t\t\t\t<\/div>\n\t\t<div class=\"elementor-element elementor-element-f265187 e-flex e-con-boxed e-con e-child\" data-id=\"f265187\" data-element_type=\"container\">\n\t\t\t\t\t<div class=\"e-con-inner\">\n\t\t\t\t<div class=\"elementor-element elementor-element-3b8ceda elementor-widget elementor-widget-heading\" data-id=\"3b8ceda\" data-element_type=\"widget\" data-widget_type=\"heading.default\">\n\t\t\t\t<div class=\"elementor-widget-container\">\n\t\t\t<h2 class=\"elementor-heading-title elementor-size-default\">RC 2N<\/h2>\t\t<\/div>\n\t\t\t\t<\/div>\n\t\t\t\t<div class=\"elementor-element elementor-element-bd54a4e elementor-widget elementor-widget-text-editor\" data-id=\"bd54a4e\" data-element_type=\"widget\" data-widget_type=\"text-editor.default\">\n\t\t\t\t<div class=\"elementor-widget-container\">\n\t\t\t\t\t\t\t<p>Protection suppl\u00e9mentaire des fen\u00eatres. Verrouillage en 9 points, avec r\u00e9cepteurs suppl\u00e9mentaires. Poign\u00e9e avec cl\u00e9.  <\/p>\n<p>Il faut des outils de base pour le cambriolage (tournevis, marteau, tige, fil, couteau, pinces&#8230;) + Scie, tige et perceuse. Temps d&rsquo;effraction 7 minutes (cambrioleur exp\u00e9riment\u00e9)  <\/p>\n\t\t\t\t\t\t<\/div>\n\t\t\t\t<\/div>\n\t\t\t\t\t<\/div>\n\t\t\t\t<\/div>\n\t\t\t\t\t<\/div>\n\t\t\t\t<\/div>\n\t\t<div class=\"elementor-element elementor-element-7ca6322 e-flex e-con-boxed e-con e-child\" data-id=\"7ca6322\" data-element_type=\"container\">\n\t\t\t\t\t<div class=\"e-con-inner\">\n\t\t\t\t<div class=\"elementor-element elementor-element-1b44556 elementor-widget elementor-widget-image\" data-id=\"1b44556\" data-element_type=\"widget\" data-widget_type=\"image.default\">\n\t\t\t\t<div class=\"elementor-widget-container\">\n\t\t\t\t\t\t\t\t\t\t\t\t\t<img loading=\"lazy\" decoding=\"async\" width=\"229\" height=\"350\" src=\"https:\/\/smaj.rs\/wp-content\/uploads\/2023\/11\/lock-rc3.png\" class=\"attachment-large size-large wp-image-339\" alt=\"\" srcset=\"https:\/\/smaj.rs\/wp-content\/uploads\/2023\/11\/lock-rc3.png 229w, https:\/\/smaj.rs\/wp-content\/uploads\/2023\/11\/lock-rc3-196x300.png 196w\" sizes=\"(max-width: 229px) 100vw, 229px\" \/>\t\t\t\t\t\t\t\t\t\t\t\t\t<\/div>\n\t\t\t\t<\/div>\n\t\t<div class=\"elementor-element elementor-element-bda121b e-flex e-con-boxed e-con e-child\" data-id=\"bda121b\" data-element_type=\"container\">\n\t\t\t\t\t<div class=\"e-con-inner\">\n\t\t\t\t<div class=\"elementor-element elementor-element-f8ba86b elementor-widget elementor-widget-heading\" data-id=\"f8ba86b\" data-element_type=\"widget\" data-widget_type=\"heading.default\">\n\t\t\t\t<div class=\"elementor-widget-container\">\n\t\t\t<h2 class=\"elementor-heading-title elementor-size-default\">RC 3<\/h2>\t\t<\/div>\n\t\t\t\t<\/div>\n\t\t\t\t<div class=\"elementor-element elementor-element-93446fa elementor-widget elementor-widget-text-editor\" data-id=\"93446fa\" data-element_type=\"widget\" data-widget_type=\"text-editor.default\">\n\t\t\t\t<div class=\"elementor-widget-container\">\n\t\t\t\t\t\t\t<p>Protection suppl\u00e9mentaire des fen\u00eatres, pour les zones \u00e0 haut risque de cambriolage (banques, bijouteries). Verre de s\u00e9curit\u00e9 VSG ou ESG. Verrouillage en 13 points, avec des r\u00e9cepteurs renforc\u00e9s suppl\u00e9mentaires. Poign\u00e9e avec cl\u00e9 et cylindre sp\u00e9cial.   <\/p>\n<p>Il faut des outils de base pour cambrioler (tournevis, marteau, barre, fil, couteau, pince&#8230;) + Scie, barre et perceuse, pied-de-biche, perceuse, tournevis, pince coupante pour m\u00e9taux. Temps n\u00e9cessaire \u00e0 l&rsquo;effraction 10 minutes (cambrioleur exp\u00e9riment\u00e9 avec outils sp\u00e9ciaux)  <\/p>\n\t\t\t\t\t\t<\/div>\n\t\t\t\t<\/div>\n\t\t\t\t\t<\/div>\n\t\t\t\t<\/div>\n\t\t\t\t\t<\/div>\n\t\t\t\t<\/div>\n\t\t\t\t\t<\/div>\n\t\t\t\t<\/div>\n\t\t\t\t<\/div>\n\t\t\t\t\t<\/div>\n\t\t\t\t<\/div>\n\t\t\t\t<\/div>\n\t\t","protected":false},"excerpt":{"rendered":"<p>S\u00e9curit\u00e9 S\u00e9curit\u00e9 La quincaillerie standard des fen\u00eatres et le m\u00e9canisme de verrouillage quintuple offrent une protection standard contre le cambriolage, qui peut \u00eatre augment\u00e9e en option aux trois classes de s\u00e9curit\u00e9 test\u00e9es RC2, RC2N et RC3. En plus de la s\u00e9curit\u00e9 standard, il est possible d&rsquo;ajouter des technologies de s\u00e9curit\u00e9 suppl\u00e9mentaires : un syst\u00e8me de [&hellip;]<\/p>\n","protected":false},"author":2,"featured_media":0,"parent":0,"menu_order":0,"comment_status":"closed","ping_status":"closed","template":"elementor_header_footer","meta":{"_acf_changed":false,"footnotes":""},"class_list":["post-2848","page","type-page","status-publish","hentry"],"acf":[],"_links":{"self":[{"href":"https:\/\/smaj.rs\/fr\/wp-json\/wp\/v2\/pages\/2848","targetHints":{"allow":["GET"]}}],"collection":[{"href":"https:\/\/smaj.rs\/fr\/wp-json\/wp\/v2\/pages"}],"about":[{"href":"https:\/\/smaj.rs\/fr\/wp-json\/wp\/v2\/types\/page"}],"author":[{"embeddable":true,"href":"https:\/\/smaj.rs\/fr\/wp-json\/wp\/v2\/users\/2"}],"replies":[{"embeddable":true,"href":"https:\/\/smaj.rs\/fr\/wp-json\/wp\/v2\/comments?post=2848"}],"version-history":[{"count":0,"href":"https:\/\/smaj.rs\/fr\/wp-json\/wp\/v2\/pages\/2848\/revisions"}],"wp:attachment":[{"href":"https:\/\/smaj.rs\/fr\/wp-json\/wp\/v2\/media?parent=2848"}],"curies":[{"name":"wp","href":"https:\/\/api.w.org\/{rel}","templated":true}]}}