{"id":3115,"date":"2023-11-12T14:48:07","date_gmt":"2023-11-12T14:48:07","guid":{"rendered":"https:\/\/smaj.rs\/sicherheit\/"},"modified":"2023-12-16T11:29:54","modified_gmt":"2023-12-16T11:29:54","slug":"sicherheit","status":"publish","type":"page","link":"https:\/\/smaj.rs\/de\/sicherheit\/","title":{"rendered":"Sicherheit"},"content":{"rendered":"\t\t<div data-elementor-type=\"wp-page\" data-elementor-id=\"3115\" class=\"elementor elementor-3115 elementor-876\" data-elementor-post-type=\"page\">\n\t\t\t\t<div class=\"elementor-element elementor-element-e62619e e-con-full e-flex e-con e-parent\" data-id=\"e62619e\" data-element_type=\"container\" data-settings=\"{&quot;background_background&quot;:&quot;classic&quot;}\">\n\t\t\t\t<div class=\"elementor-element elementor-element-17d246b elementor-widget elementor-widget-heading\" data-id=\"17d246b\" data-element_type=\"widget\" data-widget_type=\"heading.default\">\n\t\t\t\t<div class=\"elementor-widget-container\">\n\t\t\t<style>\/*! elementor - v3.23.0 - 25-07-2024 *\/\n.elementor-heading-title{padding:0;margin:0;line-height:1}.elementor-widget-heading .elementor-heading-title[class*=elementor-size-]>a{color:inherit;font-size:inherit;line-height:inherit}.elementor-widget-heading .elementor-heading-title.elementor-size-small{font-size:15px}.elementor-widget-heading .elementor-heading-title.elementor-size-medium{font-size:19px}.elementor-widget-heading .elementor-heading-title.elementor-size-large{font-size:29px}.elementor-widget-heading .elementor-heading-title.elementor-size-xl{font-size:39px}.elementor-widget-heading .elementor-heading-title.elementor-size-xxl{font-size:59px}<\/style><h1 class=\"elementor-heading-title elementor-size-default\">Sicherheit<\/h1>\t\t<\/div>\n\t\t\t\t<\/div>\n\t\t\t\t<\/div>\n\t\t<div class=\"elementor-element elementor-element-e594a85 e-flex e-con-boxed e-con e-parent\" data-id=\"e594a85\" data-element_type=\"container\">\n\t\t\t\t\t<div class=\"e-con-inner\">\n\t\t<div class=\"elementor-element elementor-element-3d212e8 e-con-full e-flex e-con e-child\" data-id=\"3d212e8\" data-element_type=\"container\">\n\t\t\t\t<div class=\"elementor-element elementor-element-1474d7f left-popout elementor-widget elementor-widget-image\" data-id=\"1474d7f\" data-element_type=\"widget\" data-widget_type=\"image.default\">\n\t\t\t\t<div class=\"elementor-widget-container\">\n\t\t\t<style>\/*! elementor - v3.23.0 - 25-07-2024 *\/\n.elementor-widget-image{text-align:center}.elementor-widget-image a{display:inline-block}.elementor-widget-image a img[src$=\".svg\"]{width:48px}.elementor-widget-image img{vertical-align:middle;display:inline-block}<\/style>\t\t\t\t\t\t\t\t\t\t<img fetchpriority=\"high\" decoding=\"async\" width=\"800\" height=\"450\" src=\"https:\/\/smaj.rs\/wp-content\/uploads\/2023\/11\/portrait-beautiful-young-female-with-pretty-face-short-dark-hair-big-eyes-glasses-with-her-cheerful-child.jpg\" class=\"attachment-large size-large wp-image-299\" alt=\"\" srcset=\"https:\/\/smaj.rs\/wp-content\/uploads\/2023\/11\/portrait-beautiful-young-female-with-pretty-face-short-dark-hair-big-eyes-glasses-with-her-cheerful-child.jpg 960w, https:\/\/smaj.rs\/wp-content\/uploads\/2023\/11\/portrait-beautiful-young-female-with-pretty-face-short-dark-hair-big-eyes-glasses-with-her-cheerful-child-300x169.jpg 300w, https:\/\/smaj.rs\/wp-content\/uploads\/2023\/11\/portrait-beautiful-young-female-with-pretty-face-short-dark-hair-big-eyes-glasses-with-her-cheerful-child-768x432.jpg 768w\" sizes=\"(max-width: 800px) 100vw, 800px\" \/>\t\t\t\t\t\t\t\t\t\t\t\t\t<\/div>\n\t\t\t\t<\/div>\n\t\t\t\t<\/div>\n\t\t<div class=\"elementor-element elementor-element-42b2e80 e-flex e-con-boxed e-con e-child\" data-id=\"42b2e80\" data-element_type=\"container\">\n\t\t\t\t\t<div class=\"e-con-inner\">\n\t\t\t\t<div class=\"elementor-element elementor-element-af5d3e1 elementor-widget elementor-widget-heading\" data-id=\"af5d3e1\" data-element_type=\"widget\" data-widget_type=\"heading.default\">\n\t\t\t\t<div class=\"elementor-widget-container\">\n\t\t\t<h2 class=\"elementor-heading-title elementor-size-default\">Sicherheit<\/h2>\t\t<\/div>\n\t\t\t\t<\/div>\n\t\t\t\t<div class=\"elementor-element elementor-element-1873a3e elementor-widget elementor-widget-text-editor\" data-id=\"1873a3e\" data-element_type=\"widget\" data-widget_type=\"text-editor.default\">\n\t\t\t\t<div class=\"elementor-widget-container\">\n\t\t\t<style>\/*! elementor - v3.23.0 - 25-07-2024 *\/\n.elementor-widget-text-editor.elementor-drop-cap-view-stacked .elementor-drop-cap{background-color:#69727d;color:#fff}.elementor-widget-text-editor.elementor-drop-cap-view-framed .elementor-drop-cap{color:#69727d;border:3px solid;background-color:transparent}.elementor-widget-text-editor:not(.elementor-drop-cap-view-default) .elementor-drop-cap{margin-top:8px}.elementor-widget-text-editor:not(.elementor-drop-cap-view-default) .elementor-drop-cap-letter{width:1em;height:1em}.elementor-widget-text-editor .elementor-drop-cap{float:left;text-align:center;line-height:1;font-size:50px}.elementor-widget-text-editor .elementor-drop-cap-letter{display:inline-block}<\/style>\t\t\t\t<p>Der serienm\u00e4\u00dfige Fensterbeschlag und die F\u00fcnf-Wege-Verriegelung bieten einen serienm\u00e4\u00dfigen Einbruchschutz, der optional auf die drei gepr\u00fcften Sicherheitsklassen RC2, RC2N und RC3 erh\u00f6ht werden kann.<\/p>\n<p>Neben der Grundsicherheit gibt es auch zus\u00e4tzliche Sicherheitstechnik: Magnetisches \u00dcberwachungssystem, Fensteralarm und viele andere elektronische Technologien, die wir anbieten und in das ausgew\u00e4hlte Produkt integrieren k\u00f6nnen.<\/p>\n\t\t\t\t\t\t<\/div>\n\t\t\t\t<\/div>\n\t\t\t\t\t<\/div>\n\t\t\t\t<\/div>\n\t\t\t\t\t<\/div>\n\t\t\t\t<\/div>\n\t\t<div class=\"elementor-element elementor-element-cccb109 e-flex e-con-boxed e-con e-parent\" data-id=\"cccb109\" data-element_type=\"container\">\n\t\t\t\t\t<div class=\"e-con-inner\">\n\t\t<div class=\"elementor-element elementor-element-5d05204 e-con-full e-flex e-con e-child\" data-id=\"5d05204\" data-element_type=\"container\">\n\t\t\t\t<div class=\"elementor-element elementor-element-d74a588 elementor-widget elementor-widget-heading\" data-id=\"d74a588\" data-element_type=\"widget\" data-widget_type=\"heading.default\">\n\t\t\t\t<div class=\"elementor-widget-container\">\n\t\t\t<h2 class=\"elementor-heading-title elementor-size-default\">Arten der Sicherheit<\/h2>\t\t<\/div>\n\t\t\t\t<\/div>\n\t\t\t\t<div class=\"elementor-element elementor-element-17a0053 elementor-widget elementor-widget-text-editor\" data-id=\"17a0053\" data-element_type=\"widget\" data-widget_type=\"text-editor.default\">\n\t\t\t\t<div class=\"elementor-widget-container\">\n\t\t\t\t\t\t\t<p>Smaj Produkt bietet derzeit die folgenden Arten von Sicherheiten an.<\/p>\n\t\t\t\t\t\t<\/div>\n\t\t\t\t<\/div>\n\t\t<div class=\"elementor-element elementor-element-46bc45a e-grid e-con-boxed e-con e-child\" data-id=\"46bc45a\" data-element_type=\"container\">\n\t\t\t\t\t<div class=\"e-con-inner\">\n\t\t<div class=\"elementor-element elementor-element-0cbd552 e-flex e-con-boxed e-con e-child\" data-id=\"0cbd552\" data-element_type=\"container\">\n\t\t\t\t\t<div class=\"e-con-inner\">\n\t\t\t\t<div class=\"elementor-element elementor-element-6305472 elementor-widget elementor-widget-image\" data-id=\"6305472\" data-element_type=\"widget\" data-widget_type=\"image.default\">\n\t\t\t\t<div class=\"elementor-widget-container\">\n\t\t\t\t\t\t\t\t\t\t\t\t\t<img decoding=\"async\" width=\"229\" height=\"351\" src=\"https:\/\/smaj.rs\/wp-content\/uploads\/2023\/11\/lock-rc1.png\" class=\"attachment-large size-large wp-image-327\" alt=\"\" srcset=\"https:\/\/smaj.rs\/wp-content\/uploads\/2023\/11\/lock-rc1.png 229w, https:\/\/smaj.rs\/wp-content\/uploads\/2023\/11\/lock-rc1-196x300.png 196w\" sizes=\"(max-width: 229px) 100vw, 229px\" \/>\t\t\t\t\t\t\t\t\t\t\t\t\t<\/div>\n\t\t\t\t<\/div>\n\t\t<div class=\"elementor-element elementor-element-ec4c5a6 e-flex e-con-boxed e-con e-child\" data-id=\"ec4c5a6\" data-element_type=\"container\">\n\t\t\t\t\t<div class=\"e-con-inner\">\n\t\t\t\t<div class=\"elementor-element elementor-element-c7673ec elementor-widget elementor-widget-heading\" data-id=\"c7673ec\" data-element_type=\"widget\" data-widget_type=\"heading.default\">\n\t\t\t\t<div class=\"elementor-widget-container\">\n\t\t\t<h2 class=\"elementor-heading-title elementor-size-default\">RC 1<\/h2>\t\t<\/div>\n\t\t\t\t<\/div>\n\t\t\t\t<div class=\"elementor-element elementor-element-395c832 elementor-widget elementor-widget-text-editor\" data-id=\"395c832\" data-element_type=\"widget\" data-widget_type=\"text-editor.default\">\n\t\t\t\t<div class=\"elementor-widget-container\">\n\t\t\t\t\t\t\t<p>Standard-Fensterschutz. Verriegelung an 5 Stellen, mit Standardempf\u00e4ngern. <\/p>\n<p>Grundlegende Einbruchwerkzeuge erforderlich (Schraubendreher, Hammer, Stab, Draht, Messer, Zange&#8230;). Zeitaufwand f\u00fcr den Einbruch: 3 Minuten (erfahrener Einbrecher)  <\/p>\n\t\t\t\t\t\t<\/div>\n\t\t\t\t<\/div>\n\t\t\t\t\t<\/div>\n\t\t\t\t<\/div>\n\t\t\t\t\t<\/div>\n\t\t\t\t<\/div>\n\t\t<div class=\"elementor-element elementor-element-3c55b4d e-flex e-con-boxed e-con e-child\" data-id=\"3c55b4d\" data-element_type=\"container\">\n\t\t\t\t\t<div class=\"e-con-inner\">\n\t\t\t\t<div class=\"elementor-element elementor-element-01b4f47 elementor-widget elementor-widget-image\" data-id=\"01b4f47\" data-element_type=\"widget\" data-widget_type=\"image.default\">\n\t\t\t\t<div class=\"elementor-widget-container\">\n\t\t\t\t\t\t\t\t\t\t\t\t\t<img decoding=\"async\" width=\"229\" height=\"350\" src=\"https:\/\/smaj.rs\/wp-content\/uploads\/2023\/11\/lock-rc2.png\" class=\"attachment-large size-large wp-image-331\" alt=\"\" srcset=\"https:\/\/smaj.rs\/wp-content\/uploads\/2023\/11\/lock-rc2.png 229w, https:\/\/smaj.rs\/wp-content\/uploads\/2023\/11\/lock-rc2-196x300.png 196w\" sizes=\"(max-width: 229px) 100vw, 229px\" \/>\t\t\t\t\t\t\t\t\t\t\t\t\t<\/div>\n\t\t\t\t<\/div>\n\t\t<div class=\"elementor-element elementor-element-ef5c8fa e-flex e-con-boxed e-con e-child\" data-id=\"ef5c8fa\" data-element_type=\"container\">\n\t\t\t\t\t<div class=\"e-con-inner\">\n\t\t\t\t<div class=\"elementor-element elementor-element-dc16bc6 elementor-widget elementor-widget-heading\" data-id=\"dc16bc6\" data-element_type=\"widget\" data-widget_type=\"heading.default\">\n\t\t\t\t<div class=\"elementor-widget-container\">\n\t\t\t<h2 class=\"elementor-heading-title elementor-size-default\">RC 2<\/h2>\t\t<\/div>\n\t\t\t\t<\/div>\n\t\t\t\t<div class=\"elementor-element elementor-element-0fa4087 elementor-widget elementor-widget-text-editor\" data-id=\"0fa4087\" data-element_type=\"widget\" data-widget_type=\"text-editor.default\">\n\t\t\t\t<div class=\"elementor-widget-container\">\n\t\t\t\t\t\t\t<p>Sicherheitsglas VSG oder ESG. Zus\u00e4tzlicher Schutz f\u00fcr Fenster. Es gibt die M\u00f6glichkeit, die Fenster an 9 Stellen zu verriegeln. Der Griff am Fenster hat einen Schl\u00fcssel.   <\/p>\n<p>Grundlegende Werkzeuge zum Einschlagen von Fenstern (Schraubendreher, Hammer, Stab, Draht, Messer, Zange&#8230;) + S\u00e4ge, Stab und Bohrer. Einbruchszeit 7 Minuten (erfahrener Einbrecher)  <\/p>\n\t\t\t\t\t\t<\/div>\n\t\t\t\t<\/div>\n\t\t\t\t\t<\/div>\n\t\t\t\t<\/div>\n\t\t\t\t\t<\/div>\n\t\t\t\t<\/div>\n\t\t<div class=\"elementor-element elementor-element-d6915f9 e-flex e-con-boxed e-con e-child\" data-id=\"d6915f9\" data-element_type=\"container\">\n\t\t\t\t\t<div class=\"e-con-inner\">\n\t\t\t\t<div class=\"elementor-element elementor-element-19b8c95 elementor-widget elementor-widget-image\" data-id=\"19b8c95\" data-element_type=\"widget\" data-widget_type=\"image.default\">\n\t\t\t\t<div class=\"elementor-widget-container\">\n\t\t\t\t\t\t\t\t\t\t\t\t\t<img loading=\"lazy\" decoding=\"async\" width=\"229\" height=\"351\" src=\"https:\/\/smaj.rs\/wp-content\/uploads\/2023\/11\/lock-rc2n.png\" class=\"attachment-large size-large wp-image-335\" alt=\"\" srcset=\"https:\/\/smaj.rs\/wp-content\/uploads\/2023\/11\/lock-rc2n.png 229w, https:\/\/smaj.rs\/wp-content\/uploads\/2023\/11\/lock-rc2n-196x300.png 196w\" sizes=\"(max-width: 229px) 100vw, 229px\" \/>\t\t\t\t\t\t\t\t\t\t\t\t\t<\/div>\n\t\t\t\t<\/div>\n\t\t<div class=\"elementor-element elementor-element-f265187 e-flex e-con-boxed e-con e-child\" data-id=\"f265187\" data-element_type=\"container\">\n\t\t\t\t\t<div class=\"e-con-inner\">\n\t\t\t\t<div class=\"elementor-element elementor-element-3b8ceda elementor-widget elementor-widget-heading\" data-id=\"3b8ceda\" data-element_type=\"widget\" data-widget_type=\"heading.default\">\n\t\t\t\t<div class=\"elementor-widget-container\">\n\t\t\t<h2 class=\"elementor-heading-title elementor-size-default\">RC 2N<\/h2>\t\t<\/div>\n\t\t\t\t<\/div>\n\t\t\t\t<div class=\"elementor-element elementor-element-bd54a4e elementor-widget elementor-widget-text-editor\" data-id=\"bd54a4e\" data-element_type=\"widget\" data-widget_type=\"text-editor.default\">\n\t\t\t\t<div class=\"elementor-widget-container\">\n\t\t\t\t\t\t\t<p>Zus\u00e4tzlicher Schutz f\u00fcr Fenster. Es gibt die M\u00f6glichkeit, die Fenster an 9 Stellen zu verriegeln. Der Griff am Fenster hat einen Schl\u00fcssel.  <\/p>\n<p>Grundlegende Werkzeuge zum Einschlagen eines Fensters (Schraubendreher, Hammer, Stab, Draht, Messer, Zange&#8230;) + S\u00e4ge, Stab und Bohrer. Einbruchszeit 7 Minuten (erfahrener Einbrecher)  <\/p>\n\t\t\t\t\t\t<\/div>\n\t\t\t\t<\/div>\n\t\t\t\t\t<\/div>\n\t\t\t\t<\/div>\n\t\t\t\t\t<\/div>\n\t\t\t\t<\/div>\n\t\t<div class=\"elementor-element elementor-element-7ca6322 e-flex e-con-boxed e-con e-child\" data-id=\"7ca6322\" data-element_type=\"container\">\n\t\t\t\t\t<div class=\"e-con-inner\">\n\t\t\t\t<div class=\"elementor-element elementor-element-1b44556 elementor-widget elementor-widget-image\" data-id=\"1b44556\" data-element_type=\"widget\" data-widget_type=\"image.default\">\n\t\t\t\t<div class=\"elementor-widget-container\">\n\t\t\t\t\t\t\t\t\t\t\t\t\t<img loading=\"lazy\" decoding=\"async\" width=\"229\" height=\"350\" src=\"https:\/\/smaj.rs\/wp-content\/uploads\/2023\/11\/lock-rc3.png\" class=\"attachment-large size-large wp-image-339\" alt=\"\" srcset=\"https:\/\/smaj.rs\/wp-content\/uploads\/2023\/11\/lock-rc3.png 229w, https:\/\/smaj.rs\/wp-content\/uploads\/2023\/11\/lock-rc3-196x300.png 196w\" sizes=\"(max-width: 229px) 100vw, 229px\" \/>\t\t\t\t\t\t\t\t\t\t\t\t\t<\/div>\n\t\t\t\t<\/div>\n\t\t<div class=\"elementor-element elementor-element-bda121b e-flex e-con-boxed e-con e-child\" data-id=\"bda121b\" data-element_type=\"container\">\n\t\t\t\t\t<div class=\"e-con-inner\">\n\t\t\t\t<div class=\"elementor-element elementor-element-f8ba86b elementor-widget elementor-widget-heading\" data-id=\"f8ba86b\" data-element_type=\"widget\" data-widget_type=\"heading.default\">\n\t\t\t\t<div class=\"elementor-widget-container\">\n\t\t\t<h2 class=\"elementor-heading-title elementor-size-default\">RC 3<\/h2>\t\t<\/div>\n\t\t\t\t<\/div>\n\t\t\t\t<div class=\"elementor-element elementor-element-93446fa elementor-widget elementor-widget-text-editor\" data-id=\"93446fa\" data-element_type=\"widget\" data-widget_type=\"text-editor.default\">\n\t\t\t\t<div class=\"elementor-widget-container\">\n\t\t\t\t\t\t\t<p>Dodatna za\u0161tita prozora, za prostore visokog rizika od provale (banke, juvelirnice). Sigurnosno VSG ili ESG staklo. Zaklju\u010davanje na 13 mesta, sa dodatnim oja\u010danim prihvatnicima. Ru\u010dica sa klju\u010dem i specijalnim cilindrom.   <\/p>\n<p>Grundlegende Werkzeuge zum Einschlagen von Fenstern (Schraubendreher, Hammer, Stab, Draht, Messer, Zange&#8230;) + S\u00e4ge, Stab und Bohrer, Brecheisen, Bohrer, Schraubendreher, Metallschneider. Einbruchszeit: 10 Minuten (Erfahrener Einbrecher mit Spezialwerkzeug).  <\/p>\n\t\t\t\t\t\t<\/div>\n\t\t\t\t<\/div>\n\t\t\t\t\t<\/div>\n\t\t\t\t<\/div>\n\t\t\t\t\t<\/div>\n\t\t\t\t<\/div>\n\t\t\t\t\t<\/div>\n\t\t\t\t<\/div>\n\t\t\t\t<\/div>\n\t\t\t\t\t<\/div>\n\t\t\t\t<\/div>\n\t\t\t\t<\/div>\n\t\t","protected":false},"excerpt":{"rendered":"<p>Sicherheit Sicherheit Der serienm\u00e4\u00dfige Fensterbeschlag und die F\u00fcnf-Wege-Verriegelung bieten einen serienm\u00e4\u00dfigen Einbruchschutz, der optional auf die drei gepr\u00fcften Sicherheitsklassen RC2, RC2N und RC3 erh\u00f6ht werden kann. Neben der Grundsicherheit gibt es auch zus\u00e4tzliche Sicherheitstechnik: Magnetisches \u00dcberwachungssystem, Fensteralarm und viele andere elektronische Technologien, die wir anbieten und in das ausgew\u00e4hlte Produkt integrieren k\u00f6nnen. Arten der Sicherheit [&hellip;]<\/p>\n","protected":false},"author":2,"featured_media":0,"parent":0,"menu_order":0,"comment_status":"closed","ping_status":"closed","template":"elementor_header_footer","meta":{"_acf_changed":false,"footnotes":""},"class_list":["post-3115","page","type-page","status-publish","hentry"],"acf":[],"_links":{"self":[{"href":"https:\/\/smaj.rs\/de\/wp-json\/wp\/v2\/pages\/3115","targetHints":{"allow":["GET"]}}],"collection":[{"href":"https:\/\/smaj.rs\/de\/wp-json\/wp\/v2\/pages"}],"about":[{"href":"https:\/\/smaj.rs\/de\/wp-json\/wp\/v2\/types\/page"}],"author":[{"embeddable":true,"href":"https:\/\/smaj.rs\/de\/wp-json\/wp\/v2\/users\/2"}],"replies":[{"embeddable":true,"href":"https:\/\/smaj.rs\/de\/wp-json\/wp\/v2\/comments?post=3115"}],"version-history":[{"count":0,"href":"https:\/\/smaj.rs\/de\/wp-json\/wp\/v2\/pages\/3115\/revisions"}],"wp:attachment":[{"href":"https:\/\/smaj.rs\/de\/wp-json\/wp\/v2\/media?parent=3115"}],"curies":[{"name":"wp","href":"https:\/\/api.w.org\/{rel}","templated":true}]}}