{"id":3075,"date":"2023-11-12T12:44:12","date_gmt":"2023-11-12T12:44:12","guid":{"rendered":"https:\/\/smaj.rs\/effizienz\/"},"modified":"2023-12-15T20:09:46","modified_gmt":"2023-12-15T20:09:46","slug":"effizienz","status":"publish","type":"page","link":"https:\/\/smaj.rs\/de\/effizienz\/","title":{"rendered":"Effizienz"},"content":{"rendered":"\t\t<div data-elementor-type=\"wp-page\" data-elementor-id=\"3075\" class=\"elementor elementor-3075 elementor-846\" data-elementor-post-type=\"page\">\n\t\t\t\t<div class=\"elementor-element elementor-element-e62619e e-con-full e-flex e-con e-parent\" data-id=\"e62619e\" data-element_type=\"container\" data-settings=\"{&quot;background_background&quot;:&quot;classic&quot;}\">\n\t\t\t\t<div class=\"elementor-element elementor-element-17d246b elementor-widget elementor-widget-heading\" data-id=\"17d246b\" data-element_type=\"widget\" data-widget_type=\"heading.default\">\n\t\t\t\t<div class=\"elementor-widget-container\">\n\t\t\t<style>\/*! elementor - v3.23.0 - 25-07-2024 *\/\n.elementor-heading-title{padding:0;margin:0;line-height:1}.elementor-widget-heading .elementor-heading-title[class*=elementor-size-]>a{color:inherit;font-size:inherit;line-height:inherit}.elementor-widget-heading .elementor-heading-title.elementor-size-small{font-size:15px}.elementor-widget-heading .elementor-heading-title.elementor-size-medium{font-size:19px}.elementor-widget-heading .elementor-heading-title.elementor-size-large{font-size:29px}.elementor-widget-heading .elementor-heading-title.elementor-size-xl{font-size:39px}.elementor-widget-heading .elementor-heading-title.elementor-size-xxl{font-size:59px}<\/style><h1 class=\"elementor-heading-title elementor-size-default\">Effizienz<\/h1>\t\t<\/div>\n\t\t\t\t<\/div>\n\t\t\t\t<\/div>\n\t\t<div class=\"elementor-element elementor-element-e594a85 e-flex e-con-boxed e-con e-parent\" data-id=\"e594a85\" data-element_type=\"container\">\n\t\t\t\t\t<div class=\"e-con-inner\">\n\t\t<div class=\"elementor-element elementor-element-3d212e8 e-con-full e-flex e-con e-child\" data-id=\"3d212e8\" data-element_type=\"container\">\n\t\t\t\t<div class=\"elementor-element elementor-element-1474d7f left-popout elementor-widget elementor-widget-image\" data-id=\"1474d7f\" data-element_type=\"widget\" data-widget_type=\"image.default\">\n\t\t\t\t<div class=\"elementor-widget-container\">\n\t\t\t<style>\/*! elementor - v3.23.0 - 25-07-2024 *\/\n.elementor-widget-image{text-align:center}.elementor-widget-image a{display:inline-block}.elementor-widget-image a img[src$=\".svg\"]{width:48px}.elementor-widget-image img{vertical-align:middle;display:inline-block}<\/style>\t\t\t\t\t\t\t\t\t\t<img fetchpriority=\"high\" decoding=\"async\" width=\"1536\" height=\"864\" src=\"https:\/\/smaj.rs\/wp-content\/uploads\/2023\/12\/pdf-katalog-background-1536x864.jpg\" class=\"attachment-1536x1536 size-1536x1536 wp-image-2886\" alt=\"\" srcset=\"https:\/\/smaj.rs\/wp-content\/uploads\/2023\/12\/pdf-katalog-background-1536x864.jpg 1536w, https:\/\/smaj.rs\/wp-content\/uploads\/2023\/12\/pdf-katalog-background-300x169.jpg 300w, https:\/\/smaj.rs\/wp-content\/uploads\/2023\/12\/pdf-katalog-background-1024x576.jpg 1024w, https:\/\/smaj.rs\/wp-content\/uploads\/2023\/12\/pdf-katalog-background-768x432.jpg 768w, https:\/\/smaj.rs\/wp-content\/uploads\/2023\/12\/pdf-katalog-background.jpg 1920w\" sizes=\"(max-width: 1536px) 100vw, 1536px\" \/>\t\t\t\t\t\t\t\t\t\t\t\t\t<\/div>\n\t\t\t\t<\/div>\n\t\t\t\t<\/div>\n\t\t<div class=\"elementor-element elementor-element-42b2e80 e-flex e-con-boxed e-con e-child\" data-id=\"42b2e80\" data-element_type=\"container\">\n\t\t\t\t\t<div class=\"e-con-inner\">\n\t\t\t\t<div class=\"elementor-element elementor-element-af5d3e1 elementor-widget elementor-widget-heading\" data-id=\"af5d3e1\" data-element_type=\"widget\" data-widget_type=\"heading.default\">\n\t\t\t\t<div class=\"elementor-widget-container\">\n\t\t\t<h2 class=\"elementor-heading-title elementor-size-default\">\u00d6kologisch und effizient<\/h2>\t\t<\/div>\n\t\t\t\t<\/div>\n\t\t\t\t<div class=\"elementor-element elementor-element-1873a3e elementor-widget elementor-widget-text-editor\" data-id=\"1873a3e\" data-element_type=\"widget\" data-widget_type=\"text-editor.default\">\n\t\t\t\t<div class=\"elementor-widget-container\">\n\t\t\t<style>\/*! elementor - v3.23.0 - 25-07-2024 *\/\n.elementor-widget-text-editor.elementor-drop-cap-view-stacked .elementor-drop-cap{background-color:#69727d;color:#fff}.elementor-widget-text-editor.elementor-drop-cap-view-framed .elementor-drop-cap{color:#69727d;border:3px solid;background-color:transparent}.elementor-widget-text-editor:not(.elementor-drop-cap-view-default) .elementor-drop-cap{margin-top:8px}.elementor-widget-text-editor:not(.elementor-drop-cap-view-default) .elementor-drop-cap-letter{width:1em;height:1em}.elementor-widget-text-editor .elementor-drop-cap{float:left;text-align:center;line-height:1;font-size:50px}.elementor-widget-text-editor .elementor-drop-cap-letter{display:inline-block}<\/style>\t\t\t\t<p>Effizienz hat im modernen Leben und in der Produktion einen hohen Stellenwert. Das Ziel der Effizienz ist es, den Energievrbrauch zu senken und Arbeits und Lebensbedingungen gleich zu halten. <\/p>\n<p>Unser Unternehem ist besterbt, alle Produkte aus nat\u00fcrlichen Materialien herzustellen. Das Holz, wie grundelemnt unserer Produkte ist ein traditionelles Material mit guten Energieeigenschaften. In der Produktionsanlage verwenden wir \u00f6kologische Farben ohne sch\u00e4dliche Auswirkungen sowie Aluminium, ein v\u00f6llig \u00f6kologisches Material. Den Zugang zu Energieeffizienz erreichen wir durch den Einsatz effizienter Technologien und Produktionsprozesse sowie durch die Anwendung anerkannter Methoden zur Reduzierung von Energieverlusten.   <\/p>\n<p>Wenn Sie einige unserer Produkte kaufen, geh\u00f6ren Sie zu einer Gruppe von Menschen, denen der Umweltschutz und die Reduzierung des Energieverbrauchs sehr wichtig ist.<\/p>\n\t\t\t\t\t\t<\/div>\n\t\t\t\t<\/div>\n\t\t\t\t\t<\/div>\n\t\t\t\t<\/div>\n\t\t\t\t\t<\/div>\n\t\t\t\t<\/div>\n\t\t<div class=\"elementor-element elementor-element-efc6fdb e-flex e-con-boxed e-con e-parent\" data-id=\"efc6fdb\" data-element_type=\"container\">\n\t\t\t\t\t<div class=\"e-con-inner\">\n\t\t<div class=\"elementor-element elementor-element-935ad41 e-flex e-con-boxed e-con e-child\" data-id=\"935ad41\" data-element_type=\"container\">\n\t\t\t\t\t<div class=\"e-con-inner\">\n\t\t\t\t<div class=\"elementor-element elementor-element-4e89226 elementor-widget elementor-widget-heading\" data-id=\"4e89226\" data-element_type=\"widget\" data-widget_type=\"heading.default\">\n\t\t\t\t<div class=\"elementor-widget-container\">\n\t\t\t<h2 class=\"elementor-heading-title elementor-size-default\">Eine kluge Wahl<\/h2>\t\t<\/div>\n\t\t\t\t<\/div>\n\t\t\t\t<div class=\"elementor-element elementor-element-7220655 elementor-widget elementor-widget-text-editor\" data-id=\"7220655\" data-element_type=\"widget\" data-widget_type=\"text-editor.default\">\n\t\t\t\t<div class=\"elementor-widget-container\">\n\t\t\t\t\t\t\t<p>Wenn wir an Isolierung von Fenster denken, denkt man nicht zuerst an die W\u00e4rmed\u00e4mmung , sie ist aber sehr wichtig. Obwohl das Geb\u00e4ude gut isoliert ist, dringt im Sommer W\u00e4rme durch sie hindurch. <\/p>\n<p>Wenn es um Fenster geht, ist es wichtig, dass es gen\u00fcgend Fenster gibt und dass keine Luft durch sie hindurchstr\u00f6mt. Durch die richtige Gestaltung und Auswahl geeigneter Materialien k\u00f6nnen wir diese Verluste reduzieren und Geld sparen.  <\/p>\n<p>Steigende Anforderungen an die Energieeffizienz von Geb\u00e4uden f\u00fchren heute zur Herstellung von Fenstern, deren Eigenschaften darin bestehen, dass sowohl das Glas als auch die Rahmen verbessert werden und einen W\u00e4rmeschutz bieten. <\/p>\n\t\t\t\t\t\t<\/div>\n\t\t\t\t<\/div>\n\t\t\t\t\t<\/div>\n\t\t\t\t<\/div>\n\t\t<div class=\"elementor-element elementor-element-e3f0400 e-con-full e-flex e-con e-child\" data-id=\"e3f0400\" data-element_type=\"container\">\n\t\t\t\t<div class=\"elementor-element elementor-element-f9607f1 right-popout elementor-widget elementor-widget-image\" data-id=\"f9607f1\" data-element_type=\"widget\" data-widget_type=\"image.default\">\n\t\t\t\t<div class=\"elementor-widget-container\">\n\t\t\t\t\t\t\t\t\t\t\t\t\t<img decoding=\"async\" width=\"1536\" height=\"864\" src=\"https:\/\/smaj.rs\/wp-content\/uploads\/2023\/12\/biraj-pametno-1536x864.jpg\" class=\"attachment-1536x1536 size-1536x1536 wp-image-2882\" alt=\"\" srcset=\"https:\/\/smaj.rs\/wp-content\/uploads\/2023\/12\/biraj-pametno-1536x864.jpg 1536w, https:\/\/smaj.rs\/wp-content\/uploads\/2023\/12\/biraj-pametno-300x169.jpg 300w, https:\/\/smaj.rs\/wp-content\/uploads\/2023\/12\/biraj-pametno-1024x576.jpg 1024w, https:\/\/smaj.rs\/wp-content\/uploads\/2023\/12\/biraj-pametno-768x432.jpg 768w, https:\/\/smaj.rs\/wp-content\/uploads\/2023\/12\/biraj-pametno.jpg 1920w\" sizes=\"(max-width: 1536px) 100vw, 1536px\" \/>\t\t\t\t\t\t\t\t\t\t\t\t\t<\/div>\n\t\t\t\t<\/div>\n\t\t\t\t<\/div>\n\t\t\t\t\t<\/div>\n\t\t\t\t<\/div>\n\t\t<div class=\"elementor-element elementor-element-e206cb8 e-flex e-con-boxed e-con e-parent\" data-id=\"e206cb8\" data-element_type=\"container\" data-settings=\"{&quot;background_background&quot;:&quot;video&quot;,&quot;background_video_link&quot;:&quot;https:\\\/\\\/youtu.be\\\/y6vBCUbbEjc&quot;,&quot;background_play_on_mobile&quot;:&quot;yes&quot;,&quot;background_privacy_mode&quot;:&quot;yes&quot;}\">\n\t\t\t\t\t<div class=\"e-con-inner\">\n\t\t<div class=\"elementor-background-video-container\">\n\t\t\t\t\t\t\t<div class=\"elementor-background-video-embed\"><\/div>\n\t\t\t\t\t\t<\/div>\t\t\t<\/div>\n\t\t\t\t<\/div>\n\t\t<div class=\"elementor-element elementor-element-dbc3a23 e-flex e-con-boxed e-con e-parent\" data-id=\"dbc3a23\" data-element_type=\"container\">\n\t\t\t\t\t<div class=\"e-con-inner\">\n\t\t<div class=\"elementor-element elementor-element-37a6633 e-con-full e-flex e-con e-child\" data-id=\"37a6633\" data-element_type=\"container\">\n\t\t\t\t<div class=\"elementor-element elementor-element-73e6c33 left-popout elementor-widget elementor-widget-image\" data-id=\"73e6c33\" data-element_type=\"widget\" data-widget_type=\"image.default\">\n\t\t\t\t<div class=\"elementor-widget-container\">\n\t\t\t\t\t\t\t\t\t\t\t\t\t<img decoding=\"async\" width=\"1536\" height=\"864\" src=\"https:\/\/smaj.rs\/wp-content\/uploads\/2023\/12\/vanvremenski-materijal-1536x864.jpg\" class=\"attachment-1536x1536 size-1536x1536 wp-image-2890\" alt=\"\" srcset=\"https:\/\/smaj.rs\/wp-content\/uploads\/2023\/12\/vanvremenski-materijal-1536x864.jpg 1536w, https:\/\/smaj.rs\/wp-content\/uploads\/2023\/12\/vanvremenski-materijal-300x169.jpg 300w, https:\/\/smaj.rs\/wp-content\/uploads\/2023\/12\/vanvremenski-materijal-1024x576.jpg 1024w, https:\/\/smaj.rs\/wp-content\/uploads\/2023\/12\/vanvremenski-materijal-768x432.jpg 768w, https:\/\/smaj.rs\/wp-content\/uploads\/2023\/12\/vanvremenski-materijal.jpg 1920w\" sizes=\"(max-width: 1536px) 100vw, 1536px\" \/>\t\t\t\t\t\t\t\t\t\t\t\t\t<\/div>\n\t\t\t\t<\/div>\n\t\t\t\t<\/div>\n\t\t<div class=\"elementor-element elementor-element-daff1b3 e-flex e-con-boxed e-con e-child\" data-id=\"daff1b3\" data-element_type=\"container\">\n\t\t\t\t\t<div class=\"e-con-inner\">\n\t\t\t\t<div class=\"elementor-element elementor-element-c25c2cd elementor-widget elementor-widget-heading\" data-id=\"c25c2cd\" data-element_type=\"widget\" data-widget_type=\"heading.default\">\n\t\t\t\t<div class=\"elementor-widget-container\">\n\t\t\t<h2 class=\"elementor-heading-title elementor-size-default\">Garantierte Qualit\u00e4t<\/h2>\t\t<\/div>\n\t\t\t\t<\/div>\n\t\t\t\t<div class=\"elementor-element elementor-element-f9ad25c elementor-widget elementor-widget-text-editor\" data-id=\"f9ad25c\" data-element_type=\"widget\" data-widget_type=\"text-editor.default\">\n\t\t\t\t<div class=\"elementor-widget-container\">\n\t\t\t\t\t\t\t<p>Das Fenster ist st\u00e4ndig einem W\u00e4rmeaustausch mit der Au\u00dfenseite ausgesetzt. Die Glasoberfl\u00e4che ist in dieser Hinsicht sicherlich am exponiertesten, da sie \u00fcber 70 % der Fenster ausmacht. Daher wird davon ausgegangen, dass 80 % der Leistung des Fensters durch die Eigenschaften des Glases gew\u00e4hrleistet werden. Den Rest garantiert die Qualit\u00e4t des Rahmens.   <\/p>\n<p>Die L\u00f6sung zur Verbesserung der W\u00e4rmed\u00e4mmeigenschaften von Fenstern sind Thermopane und W\u00e4rmed\u00e4mmglas. Solche Fenster sind mehrfach verglast. Dieses Glasteil besteht aus zwei oder mehreren Einzelscheiben unterschiedlicher Dicke und Eigenschaften.  <\/p>\n<p>Fensterrahmen verf\u00fcgen \u00fcber verbesserte Eigenschaften, um den Anforderungen an die W\u00e4rmed\u00e4mmung gerecht zu werden und W\u00e4rmeverluste und eine Erw\u00e4rmung der Fenster zu verhindern.<\/p>\n\t\t\t\t\t\t<\/div>\n\t\t\t\t<\/div>\n\t\t\t\t\t<\/div>\n\t\t\t\t<\/div>\n\t\t\t\t\t<\/div>\n\t\t\t\t<\/div>\n\t\t\t\t<\/div>\n\t\t","protected":false},"excerpt":{"rendered":"<p>Effizienz \u00d6kologisch und effizient Effizienz hat im modernen Leben und in der Produktion einen hohen Stellenwert. Das Ziel der Effizienz ist es, den Energievrbrauch zu senken und Arbeits und Lebensbedingungen gleich zu halten. Unser Unternehem ist besterbt, alle Produkte aus nat\u00fcrlichen Materialien herzustellen. Das Holz, wie grundelemnt unserer Produkte ist ein traditionelles Material mit guten [&hellip;]<\/p>\n","protected":false},"author":2,"featured_media":0,"parent":0,"menu_order":0,"comment_status":"closed","ping_status":"closed","template":"elementor_header_footer","meta":{"_acf_changed":false,"footnotes":""},"class_list":["post-3075","page","type-page","status-publish","hentry"],"acf":[],"_links":{"self":[{"href":"https:\/\/smaj.rs\/de\/wp-json\/wp\/v2\/pages\/3075","targetHints":{"allow":["GET"]}}],"collection":[{"href":"https:\/\/smaj.rs\/de\/wp-json\/wp\/v2\/pages"}],"about":[{"href":"https:\/\/smaj.rs\/de\/wp-json\/wp\/v2\/types\/page"}],"author":[{"embeddable":true,"href":"https:\/\/smaj.rs\/de\/wp-json\/wp\/v2\/users\/2"}],"replies":[{"embeddable":true,"href":"https:\/\/smaj.rs\/de\/wp-json\/wp\/v2\/comments?post=3075"}],"version-history":[{"count":0,"href":"https:\/\/smaj.rs\/de\/wp-json\/wp\/v2\/pages\/3075\/revisions"}],"wp:attachment":[{"href":"https:\/\/smaj.rs\/de\/wp-json\/wp\/v2\/media?parent=3075"}],"curies":[{"name":"wp","href":"https:\/\/api.w.org\/{rel}","templated":true}]}}