{"id":3069,"date":"2023-11-12T15:18:07","date_gmt":"2023-11-12T15:18:07","guid":{"rendered":"https:\/\/smaj.rs\/bescheinigungen\/"},"modified":"2023-12-15T20:04:26","modified_gmt":"2023-12-15T20:04:26","slug":"bescheinigungen","status":"publish","type":"page","link":"https:\/\/smaj.rs\/de\/bescheinigungen\/","title":{"rendered":"Bescheinigungen"},"content":{"rendered":"\t\t<div data-elementor-type=\"wp-page\" data-elementor-id=\"3069\" class=\"elementor elementor-3069 elementor-885\" data-elementor-post-type=\"page\">\n\t\t\t\t<div class=\"elementor-element elementor-element-e62619e e-con-full e-flex e-con e-parent\" data-id=\"e62619e\" data-element_type=\"container\" data-settings=\"{&quot;background_background&quot;:&quot;classic&quot;}\">\n\t\t\t\t<div class=\"elementor-element elementor-element-17d246b elementor-widget elementor-widget-heading\" data-id=\"17d246b\" data-element_type=\"widget\" data-widget_type=\"heading.default\">\n\t\t\t\t<div class=\"elementor-widget-container\">\n\t\t\t<style>\/*! elementor - v3.23.0 - 25-07-2024 *\/\n.elementor-heading-title{padding:0;margin:0;line-height:1}.elementor-widget-heading .elementor-heading-title[class*=elementor-size-]>a{color:inherit;font-size:inherit;line-height:inherit}.elementor-widget-heading .elementor-heading-title.elementor-size-small{font-size:15px}.elementor-widget-heading .elementor-heading-title.elementor-size-medium{font-size:19px}.elementor-widget-heading .elementor-heading-title.elementor-size-large{font-size:29px}.elementor-widget-heading .elementor-heading-title.elementor-size-xl{font-size:39px}.elementor-widget-heading .elementor-heading-title.elementor-size-xxl{font-size:59px}<\/style><h1 class=\"elementor-heading-title elementor-size-default\">Bescheinigungen<\/h1>\t\t<\/div>\n\t\t\t\t<\/div>\n\t\t\t\t<\/div>\n\t\t<div class=\"elementor-element elementor-element-f549300 e-flex e-con-boxed e-con e-parent\" data-id=\"f549300\" data-element_type=\"container\">\n\t\t\t\t\t<div class=\"e-con-inner\">\n\t\t<div class=\"elementor-element elementor-element-e26e61e e-con-full e-flex e-con e-child\" data-id=\"e26e61e\" data-element_type=\"container\" data-settings=\"{&quot;background_background&quot;:&quot;classic&quot;}\">\n\t\t<div class=\"elementor-element elementor-element-64aced8 e-con-full e-flex e-con e-child\" data-id=\"64aced8\" data-element_type=\"container\">\n\t\t\t\t<div class=\"elementor-element elementor-element-0868096 elementor-widget elementor-widget-heading\" data-id=\"0868096\" data-element_type=\"widget\" data-widget_type=\"heading.default\">\n\t\t\t\t<div class=\"elementor-widget-container\">\n\t\t\t<h2 class=\"elementor-heading-title elementor-size-default\">Eine lange Garantiezeit gibt Ihnen Vertrauen in die Prdukte, die sie bei uns kaufen.<\/h2>\t\t<\/div>\n\t\t\t\t<\/div>\n\t\t\t\t<div class=\"elementor-element elementor-element-ef554bf elementor-widget elementor-widget-text-editor\" data-id=\"ef554bf\" data-element_type=\"widget\" data-widget_type=\"text-editor.default\">\n\t\t\t\t<div class=\"elementor-widget-container\">\n\t\t\t<style>\/*! elementor - v3.23.0 - 25-07-2024 *\/\n.elementor-widget-text-editor.elementor-drop-cap-view-stacked .elementor-drop-cap{background-color:#69727d;color:#fff}.elementor-widget-text-editor.elementor-drop-cap-view-framed .elementor-drop-cap{color:#69727d;border:3px solid;background-color:transparent}.elementor-widget-text-editor:not(.elementor-drop-cap-view-default) .elementor-drop-cap{margin-top:8px}.elementor-widget-text-editor:not(.elementor-drop-cap-view-default) .elementor-drop-cap-letter{width:1em;height:1em}.elementor-widget-text-editor .elementor-drop-cap{float:left;text-align:center;line-height:1;font-size:50px}.elementor-widget-text-editor .elementor-drop-cap-letter{display:inline-block}<\/style>\t\t\t\t<p>Die Erfahrung, die wir gesammelt haben, hat unser Arbeit perfektioniert. Die Produktentwicklung, die Anwendung h\u00f6chster Standards bei der Herstellung von Tischlerei Produktion und die Zertifizierung des Produkts und des Produktionsprozesses durch renommierte europ\u00e4ische Institutionen haben die Best\u00e4tigung der Spitzenleistung der Produkte aus unserem Sortiment, der Einhaltung der h\u00f6chsten europ\u00e4ischen Standards und somit den Export unserer Produkte in jedem Land in Europa erm\u00f6glicht. <\/p>\n\t\t\t\t\t\t<\/div>\n\t\t\t\t<\/div>\n\t\t\t\t<\/div>\n\t\t\t\t<div class=\"elementor-element elementor-element-09f4fab elementor-widget elementor-widget-image\" data-id=\"09f4fab\" data-element_type=\"widget\" data-widget_type=\"image.default\">\n\t\t\t\t<div class=\"elementor-widget-container\">\n\t\t\t<style>\/*! elementor - v3.23.0 - 25-07-2024 *\/\n.elementor-widget-image{text-align:center}.elementor-widget-image a{display:inline-block}.elementor-widget-image a img[src$=\".svg\"]{width:48px}.elementor-widget-image img{vertical-align:middle;display:inline-block}<\/style>\t\t\t\t\t\t\t\t\t\t<img fetchpriority=\"high\" decoding=\"async\" width=\"800\" height=\"450\" src=\"https:\/\/smaj.rs\/wp-content\/uploads\/2023\/11\/Group-269.jpg\" class=\"attachment-large size-large wp-image-243\" alt=\"\" srcset=\"https:\/\/smaj.rs\/wp-content\/uploads\/2023\/11\/Group-269.jpg 960w, https:\/\/smaj.rs\/wp-content\/uploads\/2023\/11\/Group-269-300x169.jpg 300w, https:\/\/smaj.rs\/wp-content\/uploads\/2023\/11\/Group-269-768x432.jpg 768w\" sizes=\"(max-width: 800px) 100vw, 800px\" \/>\t\t\t\t\t\t\t\t\t\t\t\t\t<\/div>\n\t\t\t\t<\/div>\n\t\t\t\t<\/div>\n\t\t\t\t\t<\/div>\n\t\t\t\t<\/div>\n\t\t<div class=\"elementor-element elementor-element-3d56e5d e-flex e-con-boxed e-con e-parent\" data-id=\"3d56e5d\" data-element_type=\"container\">\n\t\t\t\t\t<div class=\"e-con-inner\">\n\t\t<div class=\"elementor-element elementor-element-bb7f520 e-flex e-con-boxed e-con e-child\" data-id=\"bb7f520\" data-element_type=\"container\">\n\t\t\t\t\t<div class=\"e-con-inner\">\n\t\t\t\t<div class=\"elementor-element elementor-element-cdef5a9 elementor-widget elementor-widget-heading\" data-id=\"cdef5a9\" data-element_type=\"widget\" data-widget_type=\"heading.default\">\n\t\t\t\t<div class=\"elementor-widget-container\">\n\t\t\t<h2 class=\"elementor-heading-title elementor-size-default\">Bescheinigungen<\/h2>\t\t<\/div>\n\t\t\t\t<\/div>\n\t\t\t\t<div class=\"elementor-element elementor-element-bb980b9 elementor-widget elementor-widget-text-editor\" data-id=\"bb980b9\" data-element_type=\"widget\" data-widget_type=\"text-editor.default\">\n\t\t\t\t<div class=\"elementor-widget-container\">\n\t\t\t\t\t\t\t<p>Die Erfahrung, die wir gesammelt haben, hat unser Arbeit perfektioniert. Die Produktentwicklung, die Anwendung h\u00f6chster Standards bei der Herstellung von Tischlerei Produktion und die Zertifizierung des Produkts und des Produktionsprozesses durch renommierte europ\u00e4ische Institutionen haben die Best\u00e4tigung der Spitzenleistung der Produkte aus unserem Sortiment, der Einhaltung der h\u00f6chsten europ\u00e4ischen Standards und somit den Export unserer Produkte in jedem Land in Europa erm\u00f6glicht. <\/p>\n\t\t\t\t\t\t<\/div>\n\t\t\t\t<\/div>\n\t\t<div class=\"elementor-element elementor-element-2d9239e e-grid e-con-boxed e-con e-child\" data-id=\"2d9239e\" data-element_type=\"container\">\n\t\t\t\t\t<div class=\"e-con-inner\">\n\t\t\t\t<div class=\"elementor-element elementor-element-5716c85 elementor-widget elementor-widget-image\" data-id=\"5716c85\" data-element_type=\"widget\" data-widget_type=\"image.default\">\n\t\t\t\t<div class=\"elementor-widget-container\">\n\t\t\t\t\t\t\t\t\t\t\t\t\t\t<a href=\"https:\/\/smaj.rs\/wp-content\/uploads\/2023\/11\/sert-21-001171-PR01-NW-A01-02-de-01-1.pdf\" target=\"_blank\">\n\t\t\t\t\t\t\t<img decoding=\"async\" width=\"512\" height=\"256\" src=\"https:\/\/smaj.rs\/wp-content\/uploads\/2023\/11\/sert-21-001171-PR01.jpg\" class=\"attachment-large size-large wp-image-2553\" alt=\"\" srcset=\"https:\/\/smaj.rs\/wp-content\/uploads\/2023\/11\/sert-21-001171-PR01.jpg 512w, https:\/\/smaj.rs\/wp-content\/uploads\/2023\/11\/sert-21-001171-PR01-300x150.jpg 300w\" sizes=\"(max-width: 512px) 100vw, 512px\" \/>\t\t\t\t\t\t\t\t<\/a>\n\t\t\t\t\t\t\t\t\t\t\t\t\t<\/div>\n\t\t\t\t<\/div>\n\t\t\t\t<div class=\"elementor-element elementor-element-0d655d0 elementor-widget elementor-widget-image\" data-id=\"0d655d0\" data-element_type=\"widget\" data-widget_type=\"image.default\">\n\t\t\t\t<div class=\"elementor-widget-container\">\n\t\t\t\t\t\t\t\t\t\t\t\t\t\t<a href=\"https:\/\/smaj.rs\/wp-content\/uploads\/2023\/11\/sert-21-001171-PR03-NW-T01-A01-04-de-01-1.pdf\" target=\"_blank\">\n\t\t\t\t\t\t\t<img decoding=\"async\" width=\"512\" height=\"256\" src=\"https:\/\/smaj.rs\/wp-content\/uploads\/2023\/11\/sert-21-001171-PR03.jpg\" class=\"attachment-large size-large wp-image-2557\" alt=\"\" srcset=\"https:\/\/smaj.rs\/wp-content\/uploads\/2023\/11\/sert-21-001171-PR03.jpg 512w, https:\/\/smaj.rs\/wp-content\/uploads\/2023\/11\/sert-21-001171-PR03-300x150.jpg 300w\" sizes=\"(max-width: 512px) 100vw, 512px\" \/>\t\t\t\t\t\t\t\t<\/a>\n\t\t\t\t\t\t\t\t\t\t\t\t\t<\/div>\n\t\t\t\t<\/div>\n\t\t\t\t<div class=\"elementor-element elementor-element-050f59c elementor-widget elementor-widget-image\" data-id=\"050f59c\" data-element_type=\"widget\" data-widget_type=\"image.default\">\n\t\t\t\t<div class=\"elementor-widget-container\">\n\t\t\t\t\t\t\t\t\t\t\t\t\t\t<a href=\"https:\/\/smaj.rs\/wp-content\/uploads\/2023\/11\/sert-588-9007030-1-IFT-Certificate-SMAJ-e-1.pdf\" target=\"_blank\">\n\t\t\t\t\t\t\t<img loading=\"lazy\" decoding=\"async\" width=\"512\" height=\"256\" src=\"https:\/\/smaj.rs\/wp-content\/uploads\/2023\/11\/sert-588-9007030.jpg\" class=\"attachment-large size-large wp-image-2561\" alt=\"\" srcset=\"https:\/\/smaj.rs\/wp-content\/uploads\/2023\/11\/sert-588-9007030.jpg 512w, https:\/\/smaj.rs\/wp-content\/uploads\/2023\/11\/sert-588-9007030-300x150.jpg 300w\" sizes=\"(max-width: 512px) 100vw, 512px\" \/>\t\t\t\t\t\t\t\t<\/a>\n\t\t\t\t\t\t\t\t\t\t\t\t\t<\/div>\n\t\t\t\t<\/div>\n\t\t\t\t<div class=\"elementor-element elementor-element-fcf1f39 elementor-widget elementor-widget-image\" data-id=\"fcf1f39\" data-element_type=\"widget\" data-widget_type=\"image.default\">\n\t\t\t\t<div class=\"elementor-widget-container\">\n\t\t\t\t\t\t\t\t\t\t\t\t\t\t<a href=\"https:\/\/smaj.rs\/wp-content\/uploads\/2023\/11\/sert-RC2-RC2-N-sertifikat-MACO-1.pdf\" target=\"_blank\">\n\t\t\t\t\t\t\t<img loading=\"lazy\" decoding=\"async\" width=\"512\" height=\"256\" src=\"https:\/\/smaj.rs\/wp-content\/uploads\/2023\/11\/sert-RC2-RC2.jpg\" class=\"attachment-large size-large wp-image-2565\" alt=\"\" srcset=\"https:\/\/smaj.rs\/wp-content\/uploads\/2023\/11\/sert-RC2-RC2.jpg 512w, https:\/\/smaj.rs\/wp-content\/uploads\/2023\/11\/sert-RC2-RC2-300x150.jpg 300w\" sizes=\"(max-width: 512px) 100vw, 512px\" \/>\t\t\t\t\t\t\t\t<\/a>\n\t\t\t\t\t\t\t\t\t\t\t\t\t<\/div>\n\t\t\t\t<\/div>\n\t\t\t\t<div class=\"elementor-element elementor-element-bc53ed0 elementor-widget elementor-widget-image\" data-id=\"bc53ed0\" data-element_type=\"widget\" data-widget_type=\"image.default\">\n\t\t\t\t<div class=\"elementor-widget-container\">\n\t\t\t\t\t\t\t\t\t\t\t\t\t\t<a href=\"https:\/\/smaj.rs\/wp-content\/uploads\/2023\/11\/sert-Sertifikat-ALD-e-1.pdf\" target=\"_blank\">\n\t\t\t\t\t\t\t<img loading=\"lazy\" decoding=\"async\" width=\"512\" height=\"256\" src=\"https:\/\/smaj.rs\/wp-content\/uploads\/2023\/11\/sert-Sertifikat-ALD.jpg\" class=\"attachment-large size-large wp-image-2569\" alt=\"\" srcset=\"https:\/\/smaj.rs\/wp-content\/uploads\/2023\/11\/sert-Sertifikat-ALD.jpg 512w, https:\/\/smaj.rs\/wp-content\/uploads\/2023\/11\/sert-Sertifikat-ALD-300x150.jpg 300w\" sizes=\"(max-width: 512px) 100vw, 512px\" \/>\t\t\t\t\t\t\t\t<\/a>\n\t\t\t\t\t\t\t\t\t\t\t\t\t<\/div>\n\t\t\t\t<\/div>\n\t\t\t\t<div class=\"elementor-element elementor-element-0aabf60 elementor-widget elementor-widget-image\" data-id=\"0aabf60\" data-element_type=\"widget\" data-widget_type=\"image.default\">\n\t\t\t\t<div class=\"elementor-widget-container\">\n\t\t\t\t\t\t\t\t\t\t\t\t\t\t<a href=\"https:\/\/smaj.rs\/wp-content\/uploads\/2023\/11\/sert-Termika-krila-Uf-1.1-Wm2K-1.pdf\" target=\"_blank\">\n\t\t\t\t\t\t\t<img loading=\"lazy\" decoding=\"async\" width=\"512\" height=\"256\" src=\"https:\/\/smaj.rs\/wp-content\/uploads\/2023\/11\/sert-Termika-krila.jpg\" class=\"attachment-large size-large wp-image-2573\" alt=\"\" srcset=\"https:\/\/smaj.rs\/wp-content\/uploads\/2023\/11\/sert-Termika-krila.jpg 512w, https:\/\/smaj.rs\/wp-content\/uploads\/2023\/11\/sert-Termika-krila-300x150.jpg 300w\" sizes=\"(max-width: 512px) 100vw, 512px\" \/>\t\t\t\t\t\t\t\t<\/a>\n\t\t\t\t\t\t\t\t\t\t\t\t\t<\/div>\n\t\t\t\t<\/div>\n\t\t\t\t<div class=\"elementor-element elementor-element-3147bfd elementor-widget elementor-widget-image\" data-id=\"3147bfd\" data-element_type=\"widget\" data-widget_type=\"image.default\">\n\t\t\t\t<div class=\"elementor-widget-container\">\n\t\t\t\t\t\t\t\t\t\t\t\t\t\t<a href=\"https:\/\/smaj.rs\/wp-content\/uploads\/2023\/12\/ALDSmaj2021EN-21-001171-PR01-NW-A01-02-en-01.pdf\" target=\"_blank\">\n\t\t\t\t\t\t\t<img loading=\"lazy\" decoding=\"async\" width=\"512\" height=\"256\" src=\"https:\/\/smaj.rs\/wp-content\/uploads\/2023\/12\/ALDSmaj2021EN.jpg\" class=\"attachment-large size-large wp-image-2807\" alt=\"\" srcset=\"https:\/\/smaj.rs\/wp-content\/uploads\/2023\/12\/ALDSmaj2021EN.jpg 512w, https:\/\/smaj.rs\/wp-content\/uploads\/2023\/12\/ALDSmaj2021EN-300x150.jpg 300w\" sizes=\"(max-width: 512px) 100vw, 512px\" \/>\t\t\t\t\t\t\t\t<\/a>\n\t\t\t\t\t\t\t\t\t\t\t\t\t<\/div>\n\t\t\t\t<\/div>\n\t\t\t\t<div class=\"elementor-element elementor-element-811311f elementor-widget elementor-widget-image\" data-id=\"811311f\" data-element_type=\"widget\" data-widget_type=\"image.default\">\n\t\t\t\t<div class=\"elementor-widget-container\">\n\t\t\t\t\t\t\t\t\t\t\t\t\t\t<a href=\"https:\/\/smaj.rs\/wp-content\/uploads\/2023\/12\/Acoustics2023ALDSmaj-SMAJ-PRODUKT-22-003221-PR01-NW-T02-A01-04-en-Akustika-ALD_42_40db.pdf\" target=\"_blank\">\n\t\t\t\t\t\t\t<img loading=\"lazy\" decoding=\"async\" width=\"512\" height=\"256\" src=\"https:\/\/smaj.rs\/wp-content\/uploads\/2023\/12\/ALDSmajAcoustics2023.jpg\" class=\"attachment-large size-large wp-image-2815\" alt=\"\" srcset=\"https:\/\/smaj.rs\/wp-content\/uploads\/2023\/12\/ALDSmajAcoustics2023.jpg 512w, https:\/\/smaj.rs\/wp-content\/uploads\/2023\/12\/ALDSmajAcoustics2023-300x150.jpg 300w\" sizes=\"(max-width: 512px) 100vw, 512px\" \/>\t\t\t\t\t\t\t\t<\/a>\n\t\t\t\t\t\t\t\t\t\t\t\t\t<\/div>\n\t\t\t\t<\/div>\n\t\t\t\t<div class=\"elementor-element elementor-element-3290a8f elementor-widget elementor-widget-image\" data-id=\"3290a8f\" data-element_type=\"widget\" data-widget_type=\"image.default\">\n\t\t\t\t<div class=\"elementor-widget-container\">\n\t\t\t\t\t\t\t\t\t\t\t\t\t\t<a href=\"https:\/\/smaj.rs\/wp-content\/uploads\/2023\/12\/TiltTurn2018WindHumidity.pdf\" target=\"_blank\">\n\t\t\t\t\t\t\t<img loading=\"lazy\" decoding=\"async\" width=\"512\" height=\"256\" src=\"https:\/\/smaj.rs\/wp-content\/uploads\/2023\/12\/TiltTurn2018.jpg\" class=\"attachment-large size-large wp-image-2823\" alt=\"\" srcset=\"https:\/\/smaj.rs\/wp-content\/uploads\/2023\/12\/TiltTurn2018.jpg 512w, https:\/\/smaj.rs\/wp-content\/uploads\/2023\/12\/TiltTurn2018-300x150.jpg 300w\" sizes=\"(max-width: 512px) 100vw, 512px\" \/>\t\t\t\t\t\t\t\t<\/a>\n\t\t\t\t\t\t\t\t\t\t\t\t\t<\/div>\n\t\t\t\t<\/div>\n\t\t\t\t<div class=\"elementor-element elementor-element-0babc60 elementor-widget elementor-widget-image\" data-id=\"0babc60\" data-element_type=\"widget\" data-widget_type=\"image.default\">\n\t\t\t\t<div class=\"elementor-widget-container\">\n\t\t\t\t\t\t\t\t\t\t\t\t\t\t<a href=\"https:\/\/smaj.rs\/wp-content\/uploads\/2023\/12\/SMAJ-PRODUKT-22-003221-PR01-NW-T03-A01-04-en-Akustika-IV68_42_38db.pdf\" target=\"_blank\">\n\t\t\t\t\t\t\t<img loading=\"lazy\" decoding=\"async\" width=\"512\" height=\"256\" src=\"https:\/\/smaj.rs\/wp-content\/uploads\/2023\/12\/IV68Acoustics2023.jpg\" class=\"attachment-large size-large wp-image-2819\" alt=\"\" srcset=\"https:\/\/smaj.rs\/wp-content\/uploads\/2023\/12\/IV68Acoustics2023.jpg 512w, https:\/\/smaj.rs\/wp-content\/uploads\/2023\/12\/IV68Acoustics2023-300x150.jpg 300w\" sizes=\"(max-width: 512px) 100vw, 512px\" \/>\t\t\t\t\t\t\t\t<\/a>\n\t\t\t\t\t\t\t\t\t\t\t\t\t<\/div>\n\t\t\t\t<\/div>\n\t\t\t\t\t<\/div>\n\t\t\t\t<\/div>\n\t\t\t\t\t<\/div>\n\t\t\t\t<\/div>\n\t\t\t\t\t<\/div>\n\t\t\t\t<\/div>\n\t\t\t\t<\/div>\n\t\t","protected":false},"excerpt":{"rendered":"<p>Bescheinigungen Eine lange Garantiezeit gibt Ihnen Vertrauen in die Prdukte, die sie bei uns kaufen. Die Erfahrung, die wir gesammelt haben, hat unser Arbeit perfektioniert. Die Produktentwicklung, die Anwendung h\u00f6chster Standards bei der Herstellung von Tischlerei Produktion und die Zertifizierung des Produkts und des Produktionsprozesses durch renommierte europ\u00e4ische Institutionen haben die Best\u00e4tigung der Spitzenleistung der [&hellip;]<\/p>\n","protected":false},"author":2,"featured_media":0,"parent":0,"menu_order":0,"comment_status":"closed","ping_status":"closed","template":"elementor_header_footer","meta":{"_acf_changed":false,"footnotes":""},"class_list":["post-3069","page","type-page","status-publish","hentry"],"acf":[],"_links":{"self":[{"href":"https:\/\/smaj.rs\/de\/wp-json\/wp\/v2\/pages\/3069","targetHints":{"allow":["GET"]}}],"collection":[{"href":"https:\/\/smaj.rs\/de\/wp-json\/wp\/v2\/pages"}],"about":[{"href":"https:\/\/smaj.rs\/de\/wp-json\/wp\/v2\/types\/page"}],"author":[{"embeddable":true,"href":"https:\/\/smaj.rs\/de\/wp-json\/wp\/v2\/users\/2"}],"replies":[{"embeddable":true,"href":"https:\/\/smaj.rs\/de\/wp-json\/wp\/v2\/comments?post=3069"}],"version-history":[{"count":0,"href":"https:\/\/smaj.rs\/de\/wp-json\/wp\/v2\/pages\/3069\/revisions"}],"wp:attachment":[{"href":"https:\/\/smaj.rs\/de\/wp-json\/wp\/v2\/media?parent=3069"}],"curies":[{"name":"wp","href":"https:\/\/api.w.org\/{rel}","templated":true}]}}